{"id":19254,"date":"2023-04-15T13:08:03","date_gmt":"2023-04-15T13:08:03","guid":{"rendered":"https:\/\/www.klarairosa.com\/?page_id=19254"},"modified":"2023-04-15T13:15:44","modified_gmt":"2023-04-15T13:15:44","slug":"pojacanje","status":"publish","type":"page","link":"https:\/\/www.klarairosa.com\/hu\/pojacanje\/","title":{"rendered":"Tr\u00e9ning"},"content":{"rendered":"<div class=\"wpb-content-wrapper\"><div      class=\"vc_row wpb_row section vc_row-fluid\" style=' text-align:left;'><div class=\"full_section_inner clearfix\"><div class=\"wpb_column vc_column_container vc_col-sm-12\"><div class=\"vc_column-inner\"><div class=\"wpb_wrapper\"><div class=\"qode-news-holder qode-layout1 qode-news-pag-standard qode-news-columns-3 qode-nl-small-space qode-center-alignment\"  data-post-status=\"publish\" data-category-name=\"pojacanje\" data-ignore-sticky-posts=\"1\" data-orderby=\"date\" data-posts-per-page=\"9\" data-sort=\"latest\" data-paged=\"1\" data-max-num-pages=\"1\" data-next-page=\"2\" data-title-tag=\"h5\" data-image-size=\"portfolio-landscape\" data-display-categories=\"no\" data-display-excerpt=\"no\" data-display-date=\"yes\" data-date-format=\"published\" data-display-author=\"no\" data-display-share=\"no\" data-display-hot-trending-icons=\"no\" data-pagination-numbers-amount=\"3\" data-layout=\"qode_layout1\"><div class=\"qode-news-list-inner-holder\" data-number-of-items=\"3\"><div class=\"qode-news-item qode-layout1-item\">\n\t\t<div class=\"qode-news-item-image-holder\">\n\t\t\t<div class=\"qode-post-image\">\n\t    <a itemprop=\"url\" href=\"https:\/\/www.klarairosa.com\/hu\/prostori\/\" title=\"TEREK\">\n                        <img fetchpriority=\"high\" decoding=\"async\" width=\"800\" height=\"600\" src=\"https:\/\/www.klarairosa.com\/wp-content\/uploads\/2023\/03\/prostori-800x600.jpg\" class=\"attachment-portfolio-landscape size-portfolio-landscape wp-post-image\" alt=\"\" \/>            \t    <\/a>\n\t<\/div>\n        <div class=\"qode-news-image-info-holder-left\">\n\t\t\t        <\/div>\n        <div class=\"qode-news-image-info-holder-right\">\n\t\t\t\t\t<\/div>\n\t<\/div>\n    \t<div class=\"qode-ni-content\">\n        \t\t\n<h5 itemprop=\"name\" class=\"entry-title qode-post-title\">\n    <a itemprop=\"url\" href=\"https:\/\/www.klarairosa.com\/hu\/prostori\/\" title=\"TEREK\">\n        TEREK    <\/a>\n<\/h5>\t\t\t\t\t<div itemprop=\"dateCreated\" class=\"qode-post-info-date entry-date published updated\">\n\t    \t        <a itemprop=\"url\" href=\"https:\/\/www.klarairosa.com\/hu\/2023\/03\/\">\n\t            <i class=\"dripicons-alarm\"><\/i>\n    \t23\/03\/2023        <\/a>\n\t    <meta itemprop=\"interactionCount\" content=\"UserComments: 0\"\/>\n\t<\/div>\n        \t<\/div>\n<\/div><div class=\"qode-news-item qode-layout1-item\">\n\t\t<div class=\"qode-news-item-image-holder\">\n\t\t\t<div class=\"qode-post-image\">\n\t    <a itemprop=\"url\" href=\"https:\/\/www.klarairosa.com\/hu\/radionica-workshop-vibes\/\" title=\"M\u0171hely\/Worskshop: Vibes\">\n                        <img decoding=\"async\" width=\"800\" height=\"600\" src=\"https:\/\/www.klarairosa.com\/wp-content\/uploads\/2023\/03\/vibes-e1678456467905-800x600.png\" class=\"attachment-portfolio-landscape size-portfolio-landscape wp-post-image\" alt=\"\" \/>            \t    <\/a>\n\t<\/div>\n        <div class=\"qode-news-image-info-holder-left\">\n\t\t\t        <\/div>\n        <div class=\"qode-news-image-info-holder-right\">\n\t\t\t\t\t<\/div>\n\t<\/div>\n    \t<div class=\"qode-ni-content\">\n        \t\t\n<h5 itemprop=\"name\" class=\"entry-title qode-post-title\">\n    <a itemprop=\"url\" href=\"https:\/\/www.klarairosa.com\/hu\/radionica-workshop-vibes\/\" title=\"M\u0171hely\/Worskshop: Vibes\">\n        M\u0171hely\/Worskshop: Vibes    <\/a>\n<\/h5>\t\t\t\t\t<div itemprop=\"dateCreated\" class=\"qode-post-info-date entry-date published updated\">\n\t    \t        <a itemprop=\"url\" href=\"https:\/\/www.klarairosa.com\/hu\/2023\/03\/\">\n\t            <i class=\"dripicons-alarm\"><\/i>\n    \t10\/03\/2023        <\/a>\n\t    <meta itemprop=\"interactionCount\" content=\"UserComments: 0\"\/>\n\t<\/div>\n        \t<\/div>\n<\/div><div class=\"qode-news-item qode-layout1-item\">\n\t\t<div class=\"qode-news-item-image-holder\">\n\t\t\t<div class=\"qode-post-image\">\n\t    <a itemprop=\"url\" href=\"https:\/\/www.klarairosa.com\/hu\/pojacanje-odrzano-u-novom-prostoru-udruzenja-klara-i-rosa\/\" title=\"&#8222;Poja\u010danje&#8220; odr\u017eano u novom prostoru udru\u017eenja Klara i Rosa\">\n                        <img decoding=\"async\" width=\"701\" height=\"530\" src=\"https:\/\/www.klarairosa.com\/wp-content\/uploads\/2023\/01\/74malabosna3-e1674663244648.jpg\" class=\"attachment-portfolio-landscape size-portfolio-landscape wp-post-image\" alt=\"\" srcset=\"https:\/\/www.klarairosa.com\/wp-content\/uploads\/2023\/01\/74malabosna3-e1674663244648.jpg 701w, https:\/\/www.klarairosa.com\/wp-content\/uploads\/2023\/01\/74malabosna3-e1674663244648-300x227.jpg 300w\" sizes=\"(max-width: 701px) 100vw, 701px\" \/>            \t    <\/a>\n\t<\/div>\n        <div class=\"qode-news-image-info-holder-left\">\n\t\t\t        <\/div>\n        <div class=\"qode-news-image-info-holder-right\">\n\t\t\t\t\t<\/div>\n\t<\/div>\n    \t<div class=\"qode-ni-content\">\n        \t\t\n<h5 itemprop=\"name\" class=\"entry-title qode-post-title\">\n    <a itemprop=\"url\" href=\"https:\/\/www.klarairosa.com\/hu\/pojacanje-odrzano-u-novom-prostoru-udruzenja-klara-i-rosa\/\" title=\"&#8222;Poja\u010danje&#8220; odr\u017eano u novom prostoru udru\u017eenja Klara i Rosa\">\n        A Klara i Rosa egyes\u00fclet \u00faj sz\u00e9khely\u00e9n tartott \"Meger\u0151s\u00edt\u00e9s\"-workshop.    <\/a>\n<\/h5>\t\t\t\t\t<div itemprop=\"dateCreated\" class=\"qode-post-info-date entry-date published updated\">\n\t    \t        <a itemprop=\"url\" href=\"https:\/\/www.klarairosa.com\/hu\/2023\/01\/\">\n\t            <i class=\"dripicons-alarm\"><\/i>\n    \t21\/01\/2023        <\/a>\n\t    <meta itemprop=\"interactionCount\" content=\"UserComments: 0\"\/>\n\t<\/div>\n        \t<\/div>\n<\/div><div class=\"qode-news-item qode-layout1-item\">\n\t\t<div class=\"qode-news-item-image-holder\">\n\t\t\t<div class=\"qode-post-image\">\n\t    <a itemprop=\"url\" href=\"https:\/\/www.klarairosa.com\/hu\/pojacanje-u-maloj-bosni\/\" title=\"Meger\u0151s\u00edt\u00e9sek Kisboszni\u00e1ban\">\n                        <img loading=\"lazy\" decoding=\"async\" width=\"745\" height=\"567\" src=\"https:\/\/www.klarairosa.com\/wp-content\/uploads\/2023\/01\/POJACANJE-1-1-e1674211219771.png\" class=\"attachment-portfolio-landscape size-portfolio-landscape wp-post-image\" alt=\"\" srcset=\"https:\/\/www.klarairosa.com\/wp-content\/uploads\/2023\/01\/POJACANJE-1-1-e1674211219771.png 745w, https:\/\/www.klarairosa.com\/wp-content\/uploads\/2023\/01\/POJACANJE-1-1-e1674211219771-300x228.png 300w, https:\/\/www.klarairosa.com\/wp-content\/uploads\/2023\/01\/POJACANJE-1-1-e1674211219771-500x380.png 500w, https:\/\/www.klarairosa.com\/wp-content\/uploads\/2023\/01\/POJACANJE-1-1-e1674211219771-700x533.png 700w\" sizes=\"(max-width: 745px) 100vw, 745px\" \/>            \t    <\/a>\n\t<\/div>\n        <div class=\"qode-news-image-info-holder-left\">\n\t\t\t        <\/div>\n        <div class=\"qode-news-image-info-holder-right\">\n\t\t\t\t\t<\/div>\n\t<\/div>\n    \t<div class=\"qode-ni-content\">\n        \t\t\n<h5 itemprop=\"name\" class=\"entry-title qode-post-title\">\n    <a itemprop=\"url\" href=\"https:\/\/www.klarairosa.com\/hu\/pojacanje-u-maloj-bosni\/\" title=\"Meger\u0151s\u00edt\u00e9sek Kisboszni\u00e1ban\">\n        Meger\u0151s\u00edt\u00e9sek Kisboszni\u00e1ban    <\/a>\n<\/h5>\t\t\t\t\t<div itemprop=\"dateCreated\" class=\"qode-post-info-date entry-date published updated\">\n\t    \t        <a itemprop=\"url\" href=\"https:\/\/www.klarairosa.com\/hu\/2023\/01\/\">\n\t            <i class=\"dripicons-alarm\"><\/i>\n    \t19\/01\/2023        <\/a>\n\t    <meta itemprop=\"interactionCount\" content=\"UserComments: 0\"\/>\n\t<\/div>\n        \t<\/div>\n<\/div><div class=\"qode-news-item qode-layout1-item\">\n\t\t<div class=\"qode-news-item-image-holder\">\n\t\t\t<div class=\"qode-post-image\">\n\t    <a itemprop=\"url\" href=\"https:\/\/www.klarairosa.com\/hu\/pojacanje\/\" title=\"Meger\u0151s\u00edt\u00e9s \u2013 \u00d6nismereti kutat\u00e1s\">\n                        <img loading=\"lazy\" decoding=\"async\" width=\"800\" height=\"600\" src=\"https:\/\/www.klarairosa.com\/wp-content\/uploads\/2022\/11\/pojacanje-fejs-e1668514065166-800x600.jpg\" class=\"attachment-portfolio-landscape size-portfolio-landscape wp-post-image\" alt=\"\" \/>            \t    <\/a>\n\t<\/div>\n        <div class=\"qode-news-image-info-holder-left\">\n\t\t\t        <\/div>\n        <div class=\"qode-news-image-info-holder-right\">\n\t\t\t\t\t<\/div>\n\t<\/div>\n    \t<div class=\"qode-ni-content\">\n        \t\t\n<h5 itemprop=\"name\" class=\"entry-title qode-post-title\">\n    <a itemprop=\"url\" href=\"https:\/\/www.klarairosa.com\/hu\/pojacanje\/\" title=\"Meger\u0151s\u00edt\u00e9s \u2013 \u00d6nismereti kutat\u00e1s\">\n        Meger\u0151s\u00edt\u00e9s \u2013 \u00d6nismereti kutat\u00e1s    <\/a>\n<\/h5>\t\t\t\t\t<div itemprop=\"dateCreated\" class=\"qode-post-info-date entry-date published updated\">\n\t    \t        <a itemprop=\"url\" href=\"https:\/\/www.klarairosa.com\/hu\/2023\/01\/\">\n\t            <i class=\"dripicons-alarm\"><\/i>\n    \t15\/01\/2023        <\/a>\n\t    <meta itemprop=\"interactionCount\" content=\"UserComments: 0\"\/>\n\t<\/div>\n        \t<\/div>\n<\/div><\/div><\/div><div class=\"vc_empty_space\"  style=\"height: 80px\" >\n\t<span class=\"vc_empty_space_inner\">\n\t\t<span class=\"empty_space_image\"  ><\/span>\n\t<\/span>\n<\/div><\/div><\/div><\/div><\/div><\/div>\n<\/div>","protected":false},"excerpt":{"rendered":"<p>Priklju\u010di se radionicama na kojima \u0107emo istra\u017eivati! Tvoje iskustvo. Tvoje ose\u0107anje. Tvoj glas. Ti u...<\/p>","protected":false},"author":1,"featured_media":0,"parent":0,"menu_order":0,"comment_status":"closed","ping_status":"closed","template":"","meta":{"content-type":"","inline_featured_image":false,"footnotes":""},"class_list":["post-19254","page","type-page","status-publish","hentry"],"yoast_head":"<!-- This site is optimized with the Yoast SEO plugin v27.6 - https:\/\/yoast.com\/product\/yoast-seo-wordpress\/ -->\n<title>Poja\u010danje - Klara i Rosa<\/title>\n<meta name=\"robots\" content=\"index, follow, max-snippet:-1, max-image-preview:large, max-video-preview:-1\" \/>\n<link rel=\"canonical\" href=\"https:\/\/www.klarairosa.com\/hu\/pojacanje\/\" \/>\n<meta property=\"og:locale\" content=\"hu_HU\" \/>\n<meta property=\"og:type\" content=\"article\" \/>\n<meta property=\"og:title\" content=\"Poja\u010danje - Klara i Rosa\" \/>\n<meta property=\"og:url\" content=\"https:\/\/www.klarairosa.com\/hu\/pojacanje\/\" \/>\n<meta property=\"og:site_name\" content=\"Klara i Rosa\" \/>\n<meta property=\"article:publisher\" content=\"https:\/\/www.facebook.com\/klarairosa\/\" \/>\n<meta property=\"article:modified_time\" content=\"2023-04-15T13:15:44+00:00\" \/>\n<meta name=\"twitter:card\" content=\"summary_large_image\" \/>\n<script type=\"application\/ld+json\" class=\"yoast-schema-graph\">{\"@context\":\"https:\\\/\\\/schema.org\",\"@graph\":[{\"@type\":\"WebPage\",\"@id\":\"https:\\\/\\\/www.klarairosa.com\\\/pojacanje\\\/\",\"url\":\"https:\\\/\\\/www.klarairosa.com\\\/pojacanje\\\/\",\"name\":\"Poja\u010danje - Klara i Rosa\",\"isPartOf\":{\"@id\":\"https:\\\/\\\/www.klarairosa.com\\\/en\\\/#website\"},\"datePublished\":\"2023-04-15T13:08:03+00:00\",\"dateModified\":\"2023-04-15T13:15:44+00:00\",\"breadcrumb\":{\"@id\":\"https:\\\/\\\/www.klarairosa.com\\\/pojacanje\\\/#breadcrumb\"},\"inLanguage\":\"hu\",\"potentialAction\":[{\"@type\":\"ReadAction\",\"target\":[\"https:\\\/\\\/www.klarairosa.com\\\/pojacanje\\\/\"]}]},{\"@type\":\"BreadcrumbList\",\"@id\":\"https:\\\/\\\/www.klarairosa.com\\\/pojacanje\\\/#breadcrumb\",\"itemListElement\":[{\"@type\":\"ListItem\",\"position\":1,\"name\":\"Home\",\"item\":\"https:\\\/\\\/www.klarairosa.com\\\/\"},{\"@type\":\"ListItem\",\"position\":2,\"name\":\"Poja\u010danje\"}]},{\"@type\":\"WebSite\",\"@id\":\"https:\\\/\\\/www.klarairosa.com\\\/en\\\/#website\",\"url\":\"https:\\\/\\\/www.klarairosa.com\\\/en\\\/\",\"name\":\"Klara i Rosa\",\"description\":\"Klara i Rosa\",\"publisher\":{\"@id\":\"https:\\\/\\\/www.klarairosa.com\\\/en\\\/#organization\"},\"potentialAction\":[{\"@type\":\"SearchAction\",\"target\":{\"@type\":\"EntryPoint\",\"urlTemplate\":\"https:\\\/\\\/www.klarairosa.com\\\/en\\\/?s={search_term_string}\"},\"query-input\":{\"@type\":\"PropertyValueSpecification\",\"valueRequired\":true,\"valueName\":\"search_term_string\"}}],\"inLanguage\":\"hu\"},{\"@type\":\"Organization\",\"@id\":\"https:\\\/\\\/www.klarairosa.com\\\/en\\\/#organization\",\"name\":\"Klara i Rosa\",\"url\":\"https:\\\/\\\/www.klarairosa.com\\\/en\\\/\",\"logo\":{\"@type\":\"ImageObject\",\"inLanguage\":\"hu\",\"@id\":\"https:\\\/\\\/www.klarairosa.com\\\/en\\\/#\\\/schema\\\/logo\\\/image\\\/\",\"url\":\"https:\\\/\\\/www.klarairosa.com\\\/wp-content\\\/uploads\\\/2022\\\/01\\\/logo.svg\",\"contentUrl\":\"https:\\\/\\\/www.klarairosa.com\\\/wp-content\\\/uploads\\\/2022\\\/01\\\/logo.svg\",\"width\":110,\"height\":139,\"caption\":\"Klara i Rosa\"},\"image\":{\"@id\":\"https:\\\/\\\/www.klarairosa.com\\\/en\\\/#\\\/schema\\\/logo\\\/image\\\/\"},\"sameAs\":[\"https:\\\/\\\/www.facebook.com\\\/klarairosa\\\/\",\"https:\\\/\\\/www.instagram.com\\\/ugklarairosa\\\/\"]}]}<\/script>\n<!-- \/ Yoast SEO plugin. -->","yoast_head_json":{"title":"Poja\u010danje - Klara i Rosa","robots":{"index":"index","follow":"follow","max-snippet":"max-snippet:-1","max-image-preview":"max-image-preview:large","max-video-preview":"max-video-preview:-1"},"canonical":"https:\/\/www.klarairosa.com\/hu\/pojacanje\/","og_locale":"hu_HU","og_type":"article","og_title":"Poja\u010danje - Klara i Rosa","og_url":"https:\/\/www.klarairosa.com\/hu\/pojacanje\/","og_site_name":"Klara i Rosa","article_publisher":"https:\/\/www.facebook.com\/klarairosa\/","article_modified_time":"2023-04-15T13:15:44+00:00","twitter_card":"summary_large_image","schema":{"@context":"https:\/\/schema.org","@graph":[{"@type":"WebPage","@id":"https:\/\/www.klarairosa.com\/pojacanje\/","url":"https:\/\/www.klarairosa.com\/pojacanje\/","name":"Poja\u010danje - Klara i Rosa","isPartOf":{"@id":"https:\/\/www.klarairosa.com\/en\/#website"},"datePublished":"2023-04-15T13:08:03+00:00","dateModified":"2023-04-15T13:15:44+00:00","breadcrumb":{"@id":"https:\/\/www.klarairosa.com\/pojacanje\/#breadcrumb"},"inLanguage":"hu","potentialAction":[{"@type":"ReadAction","target":["https:\/\/www.klarairosa.com\/pojacanje\/"]}]},{"@type":"BreadcrumbList","@id":"https:\/\/www.klarairosa.com\/pojacanje\/#breadcrumb","itemListElement":[{"@type":"ListItem","position":1,"name":"Home","item":"https:\/\/www.klarairosa.com\/"},{"@type":"ListItem","position":2,"name":"Poja\u010danje"}]},{"@type":"WebSite","@id":"https:\/\/www.klarairosa.com\/en\/#website","url":"https:\/\/www.klarairosa.com\/en\/","name":"Kl\u00e1ra \u00e9s Rosa Egyes\u00fclet","description":"Kl\u00e1ra \u00e9s Rosa Egyes\u00fclet","publisher":{"@id":"https:\/\/www.klarairosa.com\/en\/#organization"},"potentialAction":[{"@type":"SearchAction","target":{"@type":"EntryPoint","urlTemplate":"https:\/\/www.klarairosa.com\/en\/?s={search_term_string}"},"query-input":{"@type":"PropertyValueSpecification","valueRequired":true,"valueName":"search_term_string"}}],"inLanguage":"hu"},{"@type":"Organization","@id":"https:\/\/www.klarairosa.com\/en\/#organization","name":"Kl\u00e1ra \u00e9s Rosa Egyes\u00fclet","url":"https:\/\/www.klarairosa.com\/en\/","logo":{"@type":"ImageObject","inLanguage":"hu","@id":"https:\/\/www.klarairosa.com\/en\/#\/schema\/logo\/image\/","url":"https:\/\/www.klarairosa.com\/wp-content\/uploads\/2022\/01\/logo.svg","contentUrl":"https:\/\/www.klarairosa.com\/wp-content\/uploads\/2022\/01\/logo.svg","width":110,"height":139,"caption":"Klara i Rosa"},"image":{"@id":"https:\/\/www.klarairosa.com\/en\/#\/schema\/logo\/image\/"},"sameAs":["https:\/\/www.facebook.com\/klarairosa\/","https:\/\/www.instagram.com\/ugklarairosa\/"]}]}},"_links":{"self":[{"href":"https:\/\/www.klarairosa.com\/hu\/wp-json\/wp\/v2\/pages\/19254","targetHints":{"allow":["GET"]}}],"collection":[{"href":"https:\/\/www.klarairosa.com\/hu\/wp-json\/wp\/v2\/pages"}],"about":[{"href":"https:\/\/www.klarairosa.com\/hu\/wp-json\/wp\/v2\/types\/page"}],"author":[{"embeddable":true,"href":"https:\/\/www.klarairosa.com\/hu\/wp-json\/wp\/v2\/users\/1"}],"replies":[{"embeddable":true,"href":"https:\/\/www.klarairosa.com\/hu\/wp-json\/wp\/v2\/comments?post=19254"}],"version-history":[{"count":2,"href":"https:\/\/www.klarairosa.com\/hu\/wp-json\/wp\/v2\/pages\/19254\/revisions"}],"predecessor-version":[{"id":19257,"href":"https:\/\/www.klarairosa.com\/hu\/wp-json\/wp\/v2\/pages\/19254\/revisions\/19257"}],"wp:attachment":[{"href":"https:\/\/www.klarairosa.com\/hu\/wp-json\/wp\/v2\/media?parent=19254"}],"curies":[{"name":"wp","href":"https:\/\/api.w.org\/{rel}","templated":true}]}}