{"id":17621,"date":"2022-03-28T12:34:46","date_gmt":"2022-03-28T12:34:46","guid":{"rendered":"https:\/\/www.klarairosa.com\/?page_id=17621"},"modified":"2022-03-28T12:34:46","modified_gmt":"2022-03-28T12:34:46","slug":"subotica-express","status":"publish","type":"page","link":"https:\/\/www.klarairosa.com\/hu\/subotica-express\/","title":{"rendered":"Subotica Express"},"content":{"rendered":"<div class=\"wpb-content-wrapper\"><div      class=\"vc_row wpb_row section vc_row-fluid\" style=' text-align:left;'><div class=\"full_section_inner clearfix\"><div class=\"wpb_column vc_column_container vc_col-sm-12\"><div class=\"vc_column-inner\"><div class=\"wpb_wrapper\"><div class=\"qode-news-holder qode-layout1 qode-news-pag-standard qode-news-columns-3 qode-nl-small-space qode-center-alignment\"  data-post-status=\"publish\" data-category-name=\"subotica-express\" data-ignore-sticky-posts=\"1\" data-orderby=\"date\" data-posts-per-page=\"9\" data-sort=\"latest\" data-paged=\"1\" data-max-num-pages=\"1\" data-next-page=\"2\" data-title-tag=\"h5\" data-image-size=\"portfolio-landscape\" data-display-categories=\"no\" data-display-excerpt=\"no\" data-display-date=\"yes\" data-date-format=\"published\" data-display-author=\"no\" data-display-share=\"no\" data-display-hot-trending-icons=\"no\" data-pagination-numbers-amount=\"3\" data-layout=\"qode_layout1\"><div class=\"qode-news-list-inner-holder\" data-number-of-items=\"3\"><div class=\"qode-news-item qode-layout1-item\">\n\t\t<div class=\"qode-news-item-image-holder\">\n\t\t\t<div class=\"qode-post-image\">\n\t    <a itemprop=\"url\" href=\"https:\/\/www.klarairosa.com\/hu\/subotica-express-7-zagreb\/\" title=\"Subotica Express 7 &#8211; Zagreb\">\n                        <img fetchpriority=\"high\" decoding=\"async\" width=\"800\" height=\"600\" src=\"https:\/\/www.klarairosa.com\/wp-content\/uploads\/2022\/01\/Zagreb-00024a-800x600.jpg\" class=\"attachment-portfolio-landscape size-portfolio-landscape wp-post-image\" alt=\"\" \/>            \t    <\/a>\n\t<\/div>\n        <div class=\"qode-news-image-info-holder-left\">\n\t\t\t        <\/div>\n        <div class=\"qode-news-image-info-holder-right\">\n\t\t\t\t\t<\/div>\n\t<\/div>\n    \t<div class=\"qode-ni-content\">\n        \t\t\n<h5 itemprop=\"name\" class=\"entry-title qode-post-title\">\n    <a itemprop=\"url\" href=\"https:\/\/www.klarairosa.com\/hu\/subotica-express-7-zagreb\/\" title=\"Subotica Express 7 &#8211; Zagreb\">\n        Subotica Express 7 \u2013 Z\u00e1gr\u00e1b    <\/a>\n<\/h5>\t\t\t\t\t<div itemprop=\"dateCreated\" class=\"qode-post-info-date entry-date published updated\">\n\t    \t        <a itemprop=\"url\" href=\"https:\/\/www.klarairosa.com\/hu\/2019\/10\/\">\n\t            <i class=\"dripicons-alarm\"><\/i>\n    \t25\/10\/2019        <\/a>\n\t    <meta itemprop=\"interactionCount\" content=\"UserComments: 0\"\/>\n\t<\/div>\n        \t<\/div>\n<\/div><div class=\"qode-news-item qode-layout1-item\">\n\t\t<div class=\"qode-news-item-image-holder\">\n\t\t\t<div class=\"qode-post-image\">\n\t    <a itemprop=\"url\" href=\"https:\/\/www.klarairosa.com\/hu\/subotica-express-7\/\" title=\"Subotica Express 7 &#8211; Subotica\">\n                        <img decoding=\"async\" width=\"800\" height=\"576\" src=\"https:\/\/www.klarairosa.com\/wp-content\/uploads\/2022\/01\/subotica-zagreb-express7-2-800x576.jpg\" class=\"attachment-portfolio-landscape size-portfolio-landscape wp-post-image\" alt=\"\" \/>            \t    <\/a>\n\t<\/div>\n        <div class=\"qode-news-image-info-holder-left\">\n\t\t\t        <\/div>\n        <div class=\"qode-news-image-info-holder-right\">\n\t\t\t\t\t<\/div>\n\t<\/div>\n    \t<div class=\"qode-ni-content\">\n        \t\t\n<h5 itemprop=\"name\" class=\"entry-title qode-post-title\">\n    <a itemprop=\"url\" href=\"https:\/\/www.klarairosa.com\/hu\/subotica-express-7\/\" title=\"Subotica Express 7 &#8211; Subotica\">\n        Subotica Express 7 \u2013 Szabadka    <\/a>\n<\/h5>\t\t\t\t\t<div itemprop=\"dateCreated\" class=\"qode-post-info-date entry-date published updated\">\n\t    \t        <a itemprop=\"url\" href=\"https:\/\/www.klarairosa.com\/hu\/2019\/09\/\">\n\t            <i class=\"dripicons-alarm\"><\/i>\n    \t25\/09\/2019        <\/a>\n\t    <meta itemprop=\"interactionCount\" content=\"UserComments: 0\"\/>\n\t<\/div>\n        \t<\/div>\n<\/div><div class=\"qode-news-item qode-layout1-item\">\n\t\t<div class=\"qode-news-item-image-holder\">\n\t\t\t<div class=\"qode-post-image\">\n\t    <a itemprop=\"url\" href=\"https:\/\/www.klarairosa.com\/hu\/subotica-express-6-zagreb\/\" title=\"Subotica Express 6 &#8211; Zagreb\">\n                        <img decoding=\"async\" width=\"800\" height=\"600\" src=\"https:\/\/www.klarairosa.com\/wp-content\/uploads\/2022\/01\/45062819_2186927084928550_8787194292352319488_n-800x600.jpg\" class=\"attachment-portfolio-landscape size-portfolio-landscape wp-post-image\" alt=\"\" \/>            \t    <\/a>\n\t<\/div>\n        <div class=\"qode-news-image-info-holder-left\">\n\t\t\t        <\/div>\n        <div class=\"qode-news-image-info-holder-right\">\n\t\t\t\t\t<\/div>\n\t<\/div>\n    \t<div class=\"qode-ni-content\">\n        \t\t\n<h5 itemprop=\"name\" class=\"entry-title qode-post-title\">\n    <a itemprop=\"url\" href=\"https:\/\/www.klarairosa.com\/hu\/subotica-express-6-zagreb\/\" title=\"Subotica Express 6 &#8211; Zagreb\">\n        Subotica Express 6 \u2013 Z\u00e1gr\u00e1b    <\/a>\n<\/h5>\t\t\t\t\t<div itemprop=\"dateCreated\" class=\"qode-post-info-date entry-date published updated\">\n\t    \t        <a itemprop=\"url\" href=\"https:\/\/www.klarairosa.com\/hu\/2018\/10\/\">\n\t            <i class=\"dripicons-alarm\"><\/i>\n    \t28\/10\/2018        <\/a>\n\t    <meta itemprop=\"interactionCount\" content=\"UserComments: 0\"\/>\n\t<\/div>\n        \t<\/div>\n<\/div><div class=\"qode-news-item qode-layout1-item\">\n\t\t<div class=\"qode-news-item-image-holder\">\n\t\t\t<div class=\"qode-post-image\">\n\t    <a itemprop=\"url\" href=\"https:\/\/www.klarairosa.com\/hu\/subotica-express-6\/\" title=\"Subotica Express 6 &#8211; Subotica\">\n                        <img loading=\"lazy\" decoding=\"async\" width=\"800\" height=\"600\" src=\"https:\/\/www.klarairosa.com\/wp-content\/uploads\/2022\/01\/6-suex36-800x600.jpg\" class=\"attachment-portfolio-landscape size-portfolio-landscape wp-post-image\" alt=\"\" srcset=\"https:\/\/www.klarairosa.com\/wp-content\/uploads\/2022\/01\/6-suex36-800x600.jpg 800w, https:\/\/www.klarairosa.com\/wp-content\/uploads\/2022\/01\/6-suex36-300x225.jpg 300w, https:\/\/www.klarairosa.com\/wp-content\/uploads\/2022\/01\/6-suex36-1024x768.jpg 1024w, https:\/\/www.klarairosa.com\/wp-content\/uploads\/2022\/01\/6-suex36-768x576.jpg 768w, https:\/\/www.klarairosa.com\/wp-content\/uploads\/2022\/01\/6-suex36-1536x1152.jpg 1536w, https:\/\/www.klarairosa.com\/wp-content\/uploads\/2022\/01\/6-suex36-700x525.jpg 700w, https:\/\/www.klarairosa.com\/wp-content\/uploads\/2022\/01\/6-suex36.jpg 2000w\" sizes=\"(max-width: 800px) 100vw, 800px\" \/>            \t    <\/a>\n\t<\/div>\n        <div class=\"qode-news-image-info-holder-left\">\n\t\t\t        <\/div>\n        <div class=\"qode-news-image-info-holder-right\">\n\t\t\t\t\t<\/div>\n\t<\/div>\n    \t<div class=\"qode-ni-content\">\n        \t\t\n<h5 itemprop=\"name\" class=\"entry-title qode-post-title\">\n    <a itemprop=\"url\" href=\"https:\/\/www.klarairosa.com\/hu\/subotica-express-6\/\" title=\"Subotica Express 6 &#8211; Subotica\">\n        Subotica Express 7 \u2013 Szabadka    <\/a>\n<\/h5>\t\t\t\t\t<div itemprop=\"dateCreated\" class=\"qode-post-info-date entry-date published updated\">\n\t    \t        <a itemprop=\"url\" href=\"https:\/\/www.klarairosa.com\/hu\/2018\/01\/\">\n\t            <i class=\"dripicons-alarm\"><\/i>\n    \t25\/01\/2018        <\/a>\n\t    <meta itemprop=\"interactionCount\" content=\"UserComments: 0\"\/>\n\t<\/div>\n        \t<\/div>\n<\/div><\/div><\/div><div class=\"vc_empty_space\"  style=\"height: 80px\" >\n\t<span class=\"vc_empty_space_inner\">\n\t\t<span class=\"empty_space_image\"  ><\/span>\n\t<\/span>\n<\/div><\/div><\/div><\/div><\/div><\/div>\n<\/div>","protected":false},"excerpt":{"rendered":"<p>Godine 2018. organizovana je u Studiju 11 kulturna razmena Subotice i Zagreba te su predstavljeni...<\/p>","protected":false},"author":1,"featured_media":0,"parent":0,"menu_order":0,"comment_status":"closed","ping_status":"closed","template":"","meta":{"content-type":"","inline_featured_image":false,"footnotes":""},"class_list":["post-17621","page","type-page","status-publish","hentry"],"yoast_head":"<!-- This site is optimized with the Yoast SEO plugin v27.5 - https:\/\/yoast.com\/product\/yoast-seo-wordpress\/ -->\n<title>Subotica Express - Klara i Rosa<\/title>\n<meta name=\"robots\" content=\"index, follow, max-snippet:-1, max-image-preview:large, max-video-preview:-1\" \/>\n<link rel=\"canonical\" href=\"https:\/\/www.klarairosa.com\/hu\/subotica-express\/\" \/>\n<meta property=\"og:locale\" content=\"hu_HU\" \/>\n<meta property=\"og:type\" content=\"article\" \/>\n<meta property=\"og:title\" content=\"Subotica Express - Klara i Rosa\" \/>\n<meta property=\"og:url\" content=\"https:\/\/www.klarairosa.com\/hu\/subotica-express\/\" \/>\n<meta property=\"og:site_name\" content=\"Klara i Rosa\" \/>\n<meta property=\"article:publisher\" content=\"https:\/\/www.facebook.com\/klarairosa\/\" \/>\n<meta name=\"twitter:card\" content=\"summary_large_image\" \/>\n<script type=\"application\/ld+json\" class=\"yoast-schema-graph\">{\"@context\":\"https:\\\/\\\/schema.org\",\"@graph\":[{\"@type\":\"WebPage\",\"@id\":\"https:\\\/\\\/www.klarairosa.com\\\/subotica-express\\\/\",\"url\":\"https:\\\/\\\/www.klarairosa.com\\\/subotica-express\\\/\",\"name\":\"Subotica Express - Klara i Rosa\",\"isPartOf\":{\"@id\":\"https:\\\/\\\/www.klarairosa.com\\\/en\\\/#website\"},\"datePublished\":\"2022-03-28T12:34:46+00:00\",\"breadcrumb\":{\"@id\":\"https:\\\/\\\/www.klarairosa.com\\\/subotica-express\\\/#breadcrumb\"},\"inLanguage\":\"hu\",\"potentialAction\":[{\"@type\":\"ReadAction\",\"target\":[\"https:\\\/\\\/www.klarairosa.com\\\/subotica-express\\\/\"]}]},{\"@type\":\"BreadcrumbList\",\"@id\":\"https:\\\/\\\/www.klarairosa.com\\\/subotica-express\\\/#breadcrumb\",\"itemListElement\":[{\"@type\":\"ListItem\",\"position\":1,\"name\":\"Home\",\"item\":\"https:\\\/\\\/www.klarairosa.com\\\/\"},{\"@type\":\"ListItem\",\"position\":2,\"name\":\"Subotica Express\"}]},{\"@type\":\"WebSite\",\"@id\":\"https:\\\/\\\/www.klarairosa.com\\\/en\\\/#website\",\"url\":\"https:\\\/\\\/www.klarairosa.com\\\/en\\\/\",\"name\":\"Klara i Rosa\",\"description\":\"Klara i Rosa\",\"publisher\":{\"@id\":\"https:\\\/\\\/www.klarairosa.com\\\/en\\\/#organization\"},\"potentialAction\":[{\"@type\":\"SearchAction\",\"target\":{\"@type\":\"EntryPoint\",\"urlTemplate\":\"https:\\\/\\\/www.klarairosa.com\\\/en\\\/?s={search_term_string}\"},\"query-input\":{\"@type\":\"PropertyValueSpecification\",\"valueRequired\":true,\"valueName\":\"search_term_string\"}}],\"inLanguage\":\"hu\"},{\"@type\":\"Organization\",\"@id\":\"https:\\\/\\\/www.klarairosa.com\\\/en\\\/#organization\",\"name\":\"Klara i Rosa\",\"url\":\"https:\\\/\\\/www.klarairosa.com\\\/en\\\/\",\"logo\":{\"@type\":\"ImageObject\",\"inLanguage\":\"hu\",\"@id\":\"https:\\\/\\\/www.klarairosa.com\\\/en\\\/#\\\/schema\\\/logo\\\/image\\\/\",\"url\":\"https:\\\/\\\/www.klarairosa.com\\\/wp-content\\\/uploads\\\/2022\\\/01\\\/logo.svg\",\"contentUrl\":\"https:\\\/\\\/www.klarairosa.com\\\/wp-content\\\/uploads\\\/2022\\\/01\\\/logo.svg\",\"width\":110,\"height\":139,\"caption\":\"Klara i Rosa\"},\"image\":{\"@id\":\"https:\\\/\\\/www.klarairosa.com\\\/en\\\/#\\\/schema\\\/logo\\\/image\\\/\"},\"sameAs\":[\"https:\\\/\\\/www.facebook.com\\\/klarairosa\\\/\",\"https:\\\/\\\/www.instagram.com\\\/ugklarairosa\\\/\"]}]}<\/script>\n<!-- \/ Yoast SEO plugin. -->","yoast_head_json":{"title":"Subotica Express - Klara i Rosa","robots":{"index":"index","follow":"follow","max-snippet":"max-snippet:-1","max-image-preview":"max-image-preview:large","max-video-preview":"max-video-preview:-1"},"canonical":"https:\/\/www.klarairosa.com\/hu\/subotica-express\/","og_locale":"hu_HU","og_type":"article","og_title":"Subotica Express - Klara i Rosa","og_url":"https:\/\/www.klarairosa.com\/hu\/subotica-express\/","og_site_name":"Klara i Rosa","article_publisher":"https:\/\/www.facebook.com\/klarairosa\/","twitter_card":"summary_large_image","schema":{"@context":"https:\/\/schema.org","@graph":[{"@type":"WebPage","@id":"https:\/\/www.klarairosa.com\/subotica-express\/","url":"https:\/\/www.klarairosa.com\/subotica-express\/","name":"Subotica Express - Klara i Rosa","isPartOf":{"@id":"https:\/\/www.klarairosa.com\/en\/#website"},"datePublished":"2022-03-28T12:34:46+00:00","breadcrumb":{"@id":"https:\/\/www.klarairosa.com\/subotica-express\/#breadcrumb"},"inLanguage":"hu","potentialAction":[{"@type":"ReadAction","target":["https:\/\/www.klarairosa.com\/subotica-express\/"]}]},{"@type":"BreadcrumbList","@id":"https:\/\/www.klarairosa.com\/subotica-express\/#breadcrumb","itemListElement":[{"@type":"ListItem","position":1,"name":"Home","item":"https:\/\/www.klarairosa.com\/"},{"@type":"ListItem","position":2,"name":"Subotica Express"}]},{"@type":"WebSite","@id":"https:\/\/www.klarairosa.com\/en\/#website","url":"https:\/\/www.klarairosa.com\/en\/","name":"Kl\u00e1ra \u00e9s Rosa Egyes\u00fclet","description":"Kl\u00e1ra \u00e9s Rosa Egyes\u00fclet","publisher":{"@id":"https:\/\/www.klarairosa.com\/en\/#organization"},"potentialAction":[{"@type":"SearchAction","target":{"@type":"EntryPoint","urlTemplate":"https:\/\/www.klarairosa.com\/en\/?s={search_term_string}"},"query-input":{"@type":"PropertyValueSpecification","valueRequired":true,"valueName":"search_term_string"}}],"inLanguage":"hu"},{"@type":"Organization","@id":"https:\/\/www.klarairosa.com\/en\/#organization","name":"Kl\u00e1ra \u00e9s Rosa Egyes\u00fclet","url":"https:\/\/www.klarairosa.com\/en\/","logo":{"@type":"ImageObject","inLanguage":"hu","@id":"https:\/\/www.klarairosa.com\/en\/#\/schema\/logo\/image\/","url":"https:\/\/www.klarairosa.com\/wp-content\/uploads\/2022\/01\/logo.svg","contentUrl":"https:\/\/www.klarairosa.com\/wp-content\/uploads\/2022\/01\/logo.svg","width":110,"height":139,"caption":"Klara i Rosa"},"image":{"@id":"https:\/\/www.klarairosa.com\/en\/#\/schema\/logo\/image\/"},"sameAs":["https:\/\/www.facebook.com\/klarairosa\/","https:\/\/www.instagram.com\/ugklarairosa\/"]}]}},"_links":{"self":[{"href":"https:\/\/www.klarairosa.com\/hu\/wp-json\/wp\/v2\/pages\/17621","targetHints":{"allow":["GET"]}}],"collection":[{"href":"https:\/\/www.klarairosa.com\/hu\/wp-json\/wp\/v2\/pages"}],"about":[{"href":"https:\/\/www.klarairosa.com\/hu\/wp-json\/wp\/v2\/types\/page"}],"author":[{"embeddable":true,"href":"https:\/\/www.klarairosa.com\/hu\/wp-json\/wp\/v2\/users\/1"}],"replies":[{"embeddable":true,"href":"https:\/\/www.klarairosa.com\/hu\/wp-json\/wp\/v2\/comments?post=17621"}],"version-history":[{"count":1,"href":"https:\/\/www.klarairosa.com\/hu\/wp-json\/wp\/v2\/pages\/17621\/revisions"}],"predecessor-version":[{"id":17622,"href":"https:\/\/www.klarairosa.com\/hu\/wp-json\/wp\/v2\/pages\/17621\/revisions\/17622"}],"wp:attachment":[{"href":"https:\/\/www.klarairosa.com\/hu\/wp-json\/wp\/v2\/media?parent=17621"}],"curies":[{"name":"wp","href":"https:\/\/api.w.org\/{rel}","templated":true}]}}