{"id":17619,"date":"2022-03-28T12:34:03","date_gmt":"2022-03-28T12:34:03","guid":{"rendered":"https:\/\/www.klarairosa.com\/?page_id=17619"},"modified":"2022-04-02T20:22:04","modified_gmt":"2022-04-02T20:22:04","slug":"drugo","status":"publish","type":"page","link":"https:\/\/www.klarairosa.com\/hu\/drugo\/","title":{"rendered":"Egy\u00e9b"},"content":{"rendered":"<div class=\"wpb-content-wrapper\"><div      class=\"vc_row wpb_row section vc_row-fluid\" style=' text-align:left;'><div class=\"full_section_inner clearfix\"><div class=\"wpb_column vc_column_container vc_col-sm-12\"><div class=\"vc_column-inner\"><div class=\"wpb_wrapper\"><div class=\"qode-news-holder qode-layout1 qode-news-pag-standard qode-news-columns-3 qode-nl-small-space qode-center-alignment\"  data-post-status=\"publish\" data-category-name=\"drugo\" data-ignore-sticky-posts=\"1\" data-orderby=\"date\" data-posts-per-page=\"9\" data-sort=\"latest\" data-paged=\"1\" data-max-num-pages=\"2\" data-next-page=\"2\" data-title-tag=\"h5\" data-image-size=\"portfolio-landscape\" data-display-categories=\"no\" data-display-excerpt=\"no\" data-display-date=\"yes\" data-date-format=\"published\" data-display-author=\"no\" data-display-share=\"no\" data-display-hot-trending-icons=\"no\" data-pagination-numbers-amount=\"3\" data-layout=\"qode_layout1\"><div class=\"qode-news-list-inner-holder\" data-number-of-items=\"3\"><div class=\"qode-news-item qode-layout1-item\">\n\t\t<div class=\"qode-news-item-image-holder\">\n\t\t\t<div class=\"qode-post-image\">\n\t    <a itemprop=\"url\" href=\"https:\/\/www.klarairosa.com\/hu\/psihologija-na-engleskom-jeziku-2\/\" title=\"PSYCHOLOGY IN ENGLISH\">\n                        <img fetchpriority=\"high\" decoding=\"async\" width=\"800\" height=\"600\" src=\"https:\/\/www.klarairosa.com\/wp-content\/uploads\/2025\/12\/Blue-Bold-Modern-Fashion-Coming-Soon-Poster-1352-x-1005-px-Instagram-Post-45-1-800x600.jpg\" class=\"attachment-portfolio-landscape size-portfolio-landscape wp-post-image\" alt=\"\" srcset=\"https:\/\/www.klarairosa.com\/wp-content\/uploads\/2025\/12\/Blue-Bold-Modern-Fashion-Coming-Soon-Poster-1352-x-1005-px-Instagram-Post-45-1-800x600.jpg 800w, https:\/\/www.klarairosa.com\/wp-content\/uploads\/2025\/12\/Blue-Bold-Modern-Fashion-Coming-Soon-Poster-1352-x-1005-px-Instagram-Post-45-1-16x12.jpg 16w\" sizes=\"(max-width: 800px) 100vw, 800px\" \/>            \t    <\/a>\n\t<\/div>\n        <div class=\"qode-news-image-info-holder-left\">\n\t\t\t        <\/div>\n        <div class=\"qode-news-image-info-holder-right\">\n\t\t\t\t\t<\/div>\n\t<\/div>\n    \t<div class=\"qode-ni-content\">\n        \t\t\n<h5 itemprop=\"name\" class=\"entry-title qode-post-title\">\n    <a itemprop=\"url\" href=\"https:\/\/www.klarairosa.com\/hu\/psihologija-na-engleskom-jeziku-2\/\" title=\"PSYCHOLOGY IN ENGLISH\">\n        PSYCHOLOGY IN ENGLISH    <\/a>\n<\/h5>\t\t\t\t\t<div itemprop=\"dateCreated\" class=\"qode-post-info-date entry-date published updated\">\n\t    \t        <a itemprop=\"url\" href=\"https:\/\/www.klarairosa.com\/hu\/2025\/01\/\">\n\t            <i class=\"dripicons-alarm\"><\/i>\n    \t16\/01\/2025        <\/a>\n\t    <meta itemprop=\"interactionCount\" content=\"UserComments: 0\"\/>\n\t<\/div>\n        \t<\/div>\n<\/div><div class=\"qode-news-item qode-layout1-item\">\n\t\t<div class=\"qode-news-item-image-holder\">\n\t\t\t<div class=\"qode-post-image\">\n\t    <a itemprop=\"url\" href=\"https:\/\/www.klarairosa.com\/hu\/agora-a-szorongas-filozofiai-megkozelitese\/\" title=\"Agora: A szorong\u00e1s filoz\u00f3fiai megk\u00f6zel\u00edt\u00e9se\">\n                        <img decoding=\"async\" width=\"720\" height=\"540\" src=\"https:\/\/www.klarairosa.com\/wp-content\/uploads\/2024\/08\/456701374_1305500917164259_5331267832882929118_n.jpg\" class=\"attachment-portfolio-landscape size-portfolio-landscape wp-post-image\" alt=\"\" srcset=\"https:\/\/www.klarairosa.com\/wp-content\/uploads\/2024\/08\/456701374_1305500917164259_5331267832882929118_n.jpg 720w, https:\/\/www.klarairosa.com\/wp-content\/uploads\/2024\/08\/456701374_1305500917164259_5331267832882929118_n-300x225.jpg 300w, https:\/\/www.klarairosa.com\/wp-content\/uploads\/2024\/08\/456701374_1305500917164259_5331267832882929118_n-16x12.jpg 16w, https:\/\/www.klarairosa.com\/wp-content\/uploads\/2024\/08\/456701374_1305500917164259_5331267832882929118_n-700x525.jpg 700w\" sizes=\"(max-width: 720px) 100vw, 720px\" \/>            \t    <\/a>\n\t<\/div>\n        <div class=\"qode-news-image-info-holder-left\">\n\t\t\t        <\/div>\n        <div class=\"qode-news-image-info-holder-right\">\n\t\t\t\t\t<\/div>\n\t<\/div>\n    \t<div class=\"qode-ni-content\">\n        \t\t\n<h5 itemprop=\"name\" class=\"entry-title qode-post-title\">\n    <a itemprop=\"url\" href=\"https:\/\/www.klarairosa.com\/hu\/agora-a-szorongas-filozofiai-megkozelitese\/\" title=\"Agora: A szorong\u00e1s filoz\u00f3fiai megk\u00f6zel\u00edt\u00e9se\">\n        Agora: A szorong\u00e1s filoz\u00f3fiai megk\u00f6zel\u00edt\u00e9se    <\/a>\n<\/h5>\t\t\t\t\t<div itemprop=\"dateCreated\" class=\"qode-post-info-date entry-date published updated\">\n\t    \t        <a itemprop=\"url\" href=\"https:\/\/www.klarairosa.com\/hu\/2024\/08\/\">\n\t            <i class=\"dripicons-alarm\"><\/i>\n    \t24\/08\/2024        <\/a>\n\t    <meta itemprop=\"interactionCount\" content=\"UserComments: 0\"\/>\n\t<\/div>\n        \t<\/div>\n<\/div><div class=\"qode-news-item qode-layout1-item\">\n\t\t<div class=\"qode-news-item-image-holder\">\n\t\t\t<div class=\"qode-post-image\">\n\t    <a itemprop=\"url\" href=\"https:\/\/www.klarairosa.com\/hu\/predavanje-sa-emocijama-na-ti\/\" title=\"Predavanje &#8211; Sa emocijama na Ti\">\n                        <img decoding=\"async\" width=\"800\" height=\"600\" src=\"https:\/\/www.klarairosa.com\/wp-content\/uploads\/2023\/12\/SA-EMOCIJAMA-NA-TI-Facebook-Event-Cover-1-800x600.jpg\" class=\"attachment-portfolio-landscape size-portfolio-landscape wp-post-image\" alt=\"\" \/>            \t    <\/a>\n\t<\/div>\n        <div class=\"qode-news-image-info-holder-left\">\n\t\t\t        <\/div>\n        <div class=\"qode-news-image-info-holder-right\">\n\t\t\t\t\t<\/div>\n\t<\/div>\n    \t<div class=\"qode-ni-content\">\n        \t\t\n<h5 itemprop=\"name\" class=\"entry-title qode-post-title\">\n    <a itemprop=\"url\" href=\"https:\/\/www.klarairosa.com\/hu\/predavanje-sa-emocijama-na-ti\/\" title=\"Predavanje &#8211; Sa emocijama na Ti\">\n        El\u0151ad\u00e1s \u2013 Tegez\u0151viszonyban az \u00e9rzelmekkel    <\/a>\n<\/h5>\t\t\t\t\t<div itemprop=\"dateCreated\" class=\"qode-post-info-date entry-date published updated\">\n\t    \t        <a itemprop=\"url\" href=\"https:\/\/www.klarairosa.com\/hu\/2023\/12\/\">\n\t            <i class=\"dripicons-alarm\"><\/i>\n    \t13\/12\/2023        <\/a>\n\t    <meta itemprop=\"interactionCount\" content=\"UserComments: 0\"\/>\n\t<\/div>\n        \t<\/div>\n<\/div><div class=\"qode-news-item qode-layout1-item\">\n\t\t<div class=\"qode-news-item-image-holder\">\n\t\t\t<div class=\"qode-post-image\">\n\t    <a itemprop=\"url\" href=\"https:\/\/www.klarairosa.com\/hu\/donatorska-svirka-hedonist\/\" title=\"Donatorska svirka &#8211; Hedonist\">\n                        <img loading=\"lazy\" decoding=\"async\" width=\"640\" height=\"480\" src=\"https:\/\/www.klarairosa.com\/wp-content\/uploads\/2023\/11\/274931270_2125379200972571_7982513786156076874_n.jpg\" class=\"attachment-portfolio-landscape size-portfolio-landscape wp-post-image\" alt=\"\" srcset=\"https:\/\/www.klarairosa.com\/wp-content\/uploads\/2023\/11\/274931270_2125379200972571_7982513786156076874_n.jpg 640w, https:\/\/www.klarairosa.com\/wp-content\/uploads\/2023\/11\/274931270_2125379200972571_7982513786156076874_n-300x225.jpg 300w, https:\/\/www.klarairosa.com\/wp-content\/uploads\/2023\/11\/274931270_2125379200972571_7982513786156076874_n-16x12.jpg 16w\" sizes=\"(max-width: 640px) 100vw, 640px\" \/>            \t    <\/a>\n\t<\/div>\n        <div class=\"qode-news-image-info-holder-left\">\n\t\t\t        <\/div>\n        <div class=\"qode-news-image-info-holder-right\">\n\t\t\t\t\t<\/div>\n\t<\/div>\n    \t<div class=\"qode-ni-content\">\n        \t\t\n<h5 itemprop=\"name\" class=\"entry-title qode-post-title\">\n    <a itemprop=\"url\" href=\"https:\/\/www.klarairosa.com\/hu\/donatorska-svirka-hedonist\/\" title=\"Donatorska svirka &#8211; Hedonist\">\n        ADOM\u00c1NYGY\u0170JT\u0150 KONCERT \u2013 HEDONIST    <\/a>\n<\/h5>\t\t\t\t\t<div itemprop=\"dateCreated\" class=\"qode-post-info-date entry-date published updated\">\n\t    \t        <a itemprop=\"url\" href=\"https:\/\/www.klarairosa.com\/hu\/2023\/11\/\">\n\t            <i class=\"dripicons-alarm\"><\/i>\n    \t17\/11\/2023        <\/a>\n\t    <meta itemprop=\"interactionCount\" content=\"UserComments: 0\"\/>\n\t<\/div>\n        \t<\/div>\n<\/div><div class=\"qode-news-item qode-layout1-item\">\n\t\t<div class=\"qode-news-item-image-holder\">\n\t\t\t<div class=\"qode-post-image\">\n\t    <a itemprop=\"url\" href=\"https:\/\/www.klarairosa.com\/hu\/filmski-cetvrtak-uhvati-film-karavan-novi-sad\/\" title=\"Filmski \u010detvrtak &#8211; Uhvati Film Karavan (Novi Sad)\">\n                        <img loading=\"lazy\" decoding=\"async\" width=\"800\" height=\"600\" src=\"https:\/\/www.klarairosa.com\/wp-content\/uploads\/2023\/06\/Cetvrtak-studentskog-filma-6-800x600.jpg\" class=\"attachment-portfolio-landscape size-portfolio-landscape wp-post-image\" alt=\"\" \/>            \t    <\/a>\n\t<\/div>\n        <div class=\"qode-news-image-info-holder-left\">\n\t\t\t        <\/div>\n        <div class=\"qode-news-image-info-holder-right\">\n\t\t\t\t\t<\/div>\n\t<\/div>\n    \t<div class=\"qode-ni-content\">\n        \t\t\n<h5 itemprop=\"name\" class=\"entry-title qode-post-title\">\n    <a itemprop=\"url\" href=\"https:\/\/www.klarairosa.com\/hu\/filmski-cetvrtak-uhvati-film-karavan-novi-sad\/\" title=\"Filmski \u010detvrtak &#8211; Uhvati Film Karavan (Novi Sad)\">\n        Film cs\u00fct\u00f6rt\u00f6k - \u201eUHVATI FILM\u201d fesztiv\u00e1l karav\u00e1nja (\u00dajvid\u00e9k)    <\/a>\n<\/h5>\t\t\t\t\t<div itemprop=\"dateCreated\" class=\"qode-post-info-date entry-date published updated\">\n\t    \t        <a itemprop=\"url\" href=\"https:\/\/www.klarairosa.com\/hu\/2023\/06\/\">\n\t            <i class=\"dripicons-alarm\"><\/i>\n    \t11\/06\/2023        <\/a>\n\t    <meta itemprop=\"interactionCount\" content=\"UserComments: 0\"\/>\n\t<\/div>\n        \t<\/div>\n<\/div><div class=\"qode-news-item qode-layout1-item\">\n\t\t<div class=\"qode-news-item-image-holder\">\n\t\t\t<div class=\"qode-post-image\">\n\t    <a itemprop=\"url\" href=\"https:\/\/www.klarairosa.com\/hu\/radionica-tkanja\/\" title=\"Sz\u00f6v\u00e9s workshop\">\n                        <img loading=\"lazy\" decoding=\"async\" width=\"800\" height=\"600\" src=\"https:\/\/www.klarairosa.com\/wp-content\/uploads\/2023\/06\/352741894_1000182921029395_4298016471209288155_n-e1686304474684-800x600.jpg\" class=\"attachment-portfolio-landscape size-portfolio-landscape wp-post-image\" alt=\"\" \/>            \t    <\/a>\n\t<\/div>\n        <div class=\"qode-news-image-info-holder-left\">\n\t\t\t        <\/div>\n        <div class=\"qode-news-image-info-holder-right\">\n\t\t\t\t\t<\/div>\n\t<\/div>\n    \t<div class=\"qode-ni-content\">\n        \t\t\n<h5 itemprop=\"name\" class=\"entry-title qode-post-title\">\n    <a itemprop=\"url\" href=\"https:\/\/www.klarairosa.com\/hu\/radionica-tkanja\/\" title=\"Sz\u00f6v\u00e9s workshop\">\n        Sz\u00f6v\u00e9s workshop    <\/a>\n<\/h5>\t\t\t\t\t<div itemprop=\"dateCreated\" class=\"qode-post-info-date entry-date published updated\">\n\t    \t        <a itemprop=\"url\" href=\"https:\/\/www.klarairosa.com\/hu\/2023\/06\/\">\n\t            <i class=\"dripicons-alarm\"><\/i>\n    \t09\/06\/2023        <\/a>\n\t    <meta itemprop=\"interactionCount\" content=\"UserComments: 0\"\/>\n\t<\/div>\n        \t<\/div>\n<\/div><div class=\"qode-news-item qode-layout1-item\">\n\t\t<div class=\"qode-news-item-image-holder\">\n\t\t\t<div class=\"qode-post-image\">\n\t    <a itemprop=\"url\" href=\"https:\/\/www.klarairosa.com\/hu\/savremeni-film-luka-papic-bez\/\" title=\"COTEMPORARY FILM \/ LUKA PAPIC: &quot;WITHOUT&quot;\">\n                        <img loading=\"lazy\" decoding=\"async\" width=\"800\" height=\"575\" src=\"https:\/\/www.klarairosa.com\/wp-content\/uploads\/2023\/06\/bez-1-e1685962397482-800x575.jpg\" class=\"attachment-portfolio-landscape size-portfolio-landscape wp-post-image\" alt=\"\" \/>            \t    <\/a>\n\t<\/div>\n        <div class=\"qode-news-image-info-holder-left\">\n\t\t\t        <\/div>\n        <div class=\"qode-news-image-info-holder-right\">\n\t\t\t\t\t<\/div>\n\t<\/div>\n    \t<div class=\"qode-ni-content\">\n        \t\t\n<h5 itemprop=\"name\" class=\"entry-title qode-post-title\">\n    <a itemprop=\"url\" href=\"https:\/\/www.klarairosa.com\/hu\/savremeni-film-luka-papic-bez\/\" title=\"COTEMPORARY FILM \/ LUKA PAPIC: &quot;WITHOUT&quot;\">\n        Kort\u00e1rs film \/ Luka Papi\u0107: \u201eBez\" (N\u00e9lk\u00fcl)    <\/a>\n<\/h5>\t\t\t\t\t<div itemprop=\"dateCreated\" class=\"qode-post-info-date entry-date published updated\">\n\t    \t        <a itemprop=\"url\" href=\"https:\/\/www.klarairosa.com\/hu\/2023\/06\/\">\n\t            <i class=\"dripicons-alarm\"><\/i>\n    \t05\/06\/2023        <\/a>\n\t    <meta itemprop=\"interactionCount\" content=\"UserComments: 0\"\/>\n\t<\/div>\n        \t<\/div>\n<\/div><div class=\"qode-news-item qode-layout1-item\">\n\t\t<div class=\"qode-news-item-image-holder\">\n\t\t\t<div class=\"qode-post-image\">\n\t    <a itemprop=\"url\" href=\"https:\/\/www.klarairosa.com\/hu\/filmski-cetvrtak-umetnicki-univerzitet-u-tokiju-japan\/\" title=\"Film cs\u00fct\u00f6rt\u00f6k (Toki\u00f3i M\u0171v\u00e9szeti Egyetem, Jap\u00e1n)\">\n                        <img loading=\"lazy\" decoding=\"async\" width=\"800\" height=\"600\" src=\"https:\/\/www.klarairosa.com\/wp-content\/uploads\/2023\/05\/Cetvrtak-studentskog-filma-5-800x600.jpg\" class=\"attachment-portfolio-landscape size-portfolio-landscape wp-post-image\" alt=\"\" \/>            \t    <\/a>\n\t<\/div>\n        <div class=\"qode-news-image-info-holder-left\">\n\t\t\t        <\/div>\n        <div class=\"qode-news-image-info-holder-right\">\n\t\t\t\t\t<\/div>\n\t<\/div>\n    \t<div class=\"qode-ni-content\">\n        \t\t\n<h5 itemprop=\"name\" class=\"entry-title qode-post-title\">\n    <a itemprop=\"url\" href=\"https:\/\/www.klarairosa.com\/hu\/filmski-cetvrtak-umetnicki-univerzitet-u-tokiju-japan\/\" title=\"Film cs\u00fct\u00f6rt\u00f6k (Toki\u00f3i M\u0171v\u00e9szeti Egyetem, Jap\u00e1n)\">\n        Film cs\u00fct\u00f6rt\u00f6k (Toki\u00f3i M\u0171v\u00e9szeti Egyetem, Jap\u00e1n)    <\/a>\n<\/h5>\t\t\t\t\t<div itemprop=\"dateCreated\" class=\"qode-post-info-date entry-date published updated\">\n\t    \t        <a itemprop=\"url\" href=\"https:\/\/www.klarairosa.com\/hu\/2023\/05\/\">\n\t            <i class=\"dripicons-alarm\"><\/i>\n    \t30\/05\/2023        <\/a>\n\t    <meta itemprop=\"interactionCount\" content=\"UserComments: 0\"\/>\n\t<\/div>\n        \t<\/div>\n<\/div><div class=\"qode-news-item qode-layout1-item\">\n\t\t<div class=\"qode-news-item-image-holder\">\n\t\t\t<div class=\"qode-post-image\">\n\t    <a itemprop=\"url\" href=\"https:\/\/www.klarairosa.com\/hu\/polet-youth-na-salasu\/\" title=\"Polet YOUth &#8211; R\u00f3ka Tanya\">\n                        <img loading=\"lazy\" decoding=\"async\" width=\"800\" height=\"600\" src=\"https:\/\/www.klarairosa.com\/wp-content\/uploads\/2022\/03\/viber_image_2022-03-26_19-46-02-380-800x600.jpg\" class=\"attachment-portfolio-landscape size-portfolio-landscape wp-post-image\" alt=\"\" srcset=\"https:\/\/www.klarairosa.com\/wp-content\/uploads\/2022\/03\/viber_image_2022-03-26_19-46-02-380-800x600.jpg 800w, https:\/\/www.klarairosa.com\/wp-content\/uploads\/2022\/03\/viber_image_2022-03-26_19-46-02-380-300x225.jpg 300w, https:\/\/www.klarairosa.com\/wp-content\/uploads\/2022\/03\/viber_image_2022-03-26_19-46-02-380-1024x768.jpg 1024w, https:\/\/www.klarairosa.com\/wp-content\/uploads\/2022\/03\/viber_image_2022-03-26_19-46-02-380-768x576.jpg 768w, https:\/\/www.klarairosa.com\/wp-content\/uploads\/2022\/03\/viber_image_2022-03-26_19-46-02-380-1536x1152.jpg 1536w, https:\/\/www.klarairosa.com\/wp-content\/uploads\/2022\/03\/viber_image_2022-03-26_19-46-02-380-700x525.jpg 700w, https:\/\/www.klarairosa.com\/wp-content\/uploads\/2022\/03\/viber_image_2022-03-26_19-46-02-380.jpg 1600w\" sizes=\"(max-width: 800px) 100vw, 800px\" \/>            \t    <\/a>\n\t<\/div>\n        <div class=\"qode-news-image-info-holder-left\">\n\t\t\t        <\/div>\n        <div class=\"qode-news-image-info-holder-right\">\n\t\t\t\t\t<\/div>\n\t<\/div>\n    \t<div class=\"qode-ni-content\">\n        \t\t\n<h5 itemprop=\"name\" class=\"entry-title qode-post-title\">\n    <a itemprop=\"url\" href=\"https:\/\/www.klarairosa.com\/hu\/polet-youth-na-salasu\/\" title=\"Polet YOUth &#8211; R\u00f3ka Tanya\">\n        Polet YOUth &#8211; R\u00f3ka Tanya    <\/a>\n<\/h5>\t\t\t\t\t<div itemprop=\"dateCreated\" class=\"qode-post-info-date entry-date published updated\">\n\t    \t        <a itemprop=\"url\" href=\"https:\/\/www.klarairosa.com\/hu\/2022\/03\/\">\n\t            <i class=\"dripicons-alarm\"><\/i>\n    \t28\/03\/2022        <\/a>\n\t    <meta itemprop=\"interactionCount\" content=\"UserComments: 0\"\/>\n\t<\/div>\n        \t<\/div>\n<\/div><\/div>\t<div class=\"qode-news-pag-loading\">\n\t\t<div class=\"qode-news-pag-bounce1\"><\/div>\n\t\t<div class=\"qode-news-pag-bounce2\"><\/div>\n\t\t<div class=\"qode-news-pag-bounce3\"><\/div>\n\t<\/div>\n\t\t\t\t<div class=\"qode-news-standard-pagination\">\n\t\t\t\t<ul>\n\t\t\t\t\t<li class=\"qode-news-pag-first-page\">\n\t\t\t\t\t\t<a href=\"#\" data-paged=\"1\"><span class=\"arrow_carrot-2left\"><\/span><\/a>\n\t\t\t\t\t<\/li>\n\t\t\t\t\t<li class=\"qode-news-pag-prev\">\n\t\t\t\t\t\t<a href=\"#\" data-paged=\"1\"><span class=\"icon-arrows-left\"><\/span><\/a>\n\t\t\t\t\t<\/li>\n\t\t\t\t\t\t\t\t\t\t\t\t\t\t\t\t\t\t\t\t\t\t\t\t<li class=\"qode-news-pag-number qode-news-pag-active\">\n\t\t\t\t\t\t\t\t<a href=\"#\" data-paged=\"1\">1<\/a>\n\t\t\t\t\t\t\t<\/li>\n\t\t\t\t\t\t\t\t\t\t\t\t\t\t\t\t\t\t\t\t\t\t\t\t\t\t\t\t\t\t<li class=\"qode-news-pag-number\">\n\t\t\t\t\t\t\t\t<a href=\"#\" data-paged=\"2\">2<\/a>\n\t\t\t\t\t\t\t<\/li>\n\t\t\t\t\t\t\t\t\t\t\t\t\t\t\t\t<li class=\"qode-news-pag-next\">\n\t\t\t\t\t\t<a href=\"#\" data-paged=\"2\"><span class=\"icon-arrows-right\"><\/span><\/a>\n\t\t\t\t\t<\/li>\n\t\t\t\t\t<li class=\"qode-news-pag-last-page\">\n\t\t\t\t\t\t<a href=\"#\" data-paged=\"2\"><span class=\"arrow_carrot-2right\"><\/span><\/a>\n\t\t\t\t\t<\/li>\n\t\t\t\t<\/ul>\n\t\t\t<\/div>\n\t\t<\/div><div class=\"vc_empty_space\"  style=\"height: 80px\" >\n\t<span class=\"vc_empty_space_inner\">\n\t\t<span class=\"empty_space_image\"  ><\/span>\n\t<\/span>\n<\/div><\/div><\/div><\/div><\/div><\/div>\n<\/div>","protected":false},"excerpt":{"rendered":"<p>Na inicijativu srednjo\u0161kolske grupe Polet YOUth organizovan je izlet u prirodi na Rokinom sala\u0161u u...<\/p>","protected":false},"author":1,"featured_media":0,"parent":0,"menu_order":0,"comment_status":"closed","ping_status":"closed","template":"","meta":{"content-type":"","inline_featured_image":false,"footnotes":""},"class_list":["post-17619","page","type-page","status-publish","hentry"],"yoast_head":"<!-- This site is optimized with the Yoast SEO plugin v27.5 - https:\/\/yoast.com\/product\/yoast-seo-wordpress\/ -->\n<title>Ostalo - Klara i Rosa<\/title>\n<meta name=\"robots\" content=\"index, follow, max-snippet:-1, max-image-preview:large, max-video-preview:-1\" \/>\n<link rel=\"canonical\" href=\"https:\/\/www.klarairosa.com\/hu\/drugo\/\" \/>\n<meta property=\"og:locale\" content=\"hu_HU\" \/>\n<meta property=\"og:type\" content=\"article\" \/>\n<meta property=\"og:title\" content=\"Ostalo - Klara i Rosa\" \/>\n<meta property=\"og:url\" content=\"https:\/\/www.klarairosa.com\/hu\/drugo\/\" \/>\n<meta property=\"og:site_name\" content=\"Klara i Rosa\" \/>\n<meta property=\"article:publisher\" content=\"https:\/\/www.facebook.com\/klarairosa\/\" \/>\n<meta property=\"article:modified_time\" content=\"2022-04-02T20:22:04+00:00\" \/>\n<meta name=\"twitter:card\" content=\"summary_large_image\" \/>\n<script type=\"application\/ld+json\" class=\"yoast-schema-graph\">{\"@context\":\"https:\\\/\\\/schema.org\",\"@graph\":[{\"@type\":\"WebPage\",\"@id\":\"https:\\\/\\\/www.klarairosa.com\\\/drugo\\\/\",\"url\":\"https:\\\/\\\/www.klarairosa.com\\\/drugo\\\/\",\"name\":\"Ostalo - Klara i Rosa\",\"isPartOf\":{\"@id\":\"https:\\\/\\\/www.klarairosa.com\\\/en\\\/#website\"},\"datePublished\":\"2022-03-28T12:34:03+00:00\",\"dateModified\":\"2022-04-02T20:22:04+00:00\",\"breadcrumb\":{\"@id\":\"https:\\\/\\\/www.klarairosa.com\\\/drugo\\\/#breadcrumb\"},\"inLanguage\":\"hu\",\"potentialAction\":[{\"@type\":\"ReadAction\",\"target\":[\"https:\\\/\\\/www.klarairosa.com\\\/drugo\\\/\"]}]},{\"@type\":\"BreadcrumbList\",\"@id\":\"https:\\\/\\\/www.klarairosa.com\\\/drugo\\\/#breadcrumb\",\"itemListElement\":[{\"@type\":\"ListItem\",\"position\":1,\"name\":\"Home\",\"item\":\"https:\\\/\\\/www.klarairosa.com\\\/\"},{\"@type\":\"ListItem\",\"position\":2,\"name\":\"Ostalo\"}]},{\"@type\":\"WebSite\",\"@id\":\"https:\\\/\\\/www.klarairosa.com\\\/en\\\/#website\",\"url\":\"https:\\\/\\\/www.klarairosa.com\\\/en\\\/\",\"name\":\"Klara i Rosa\",\"description\":\"Klara i Rosa\",\"publisher\":{\"@id\":\"https:\\\/\\\/www.klarairosa.com\\\/en\\\/#organization\"},\"potentialAction\":[{\"@type\":\"SearchAction\",\"target\":{\"@type\":\"EntryPoint\",\"urlTemplate\":\"https:\\\/\\\/www.klarairosa.com\\\/en\\\/?s={search_term_string}\"},\"query-input\":{\"@type\":\"PropertyValueSpecification\",\"valueRequired\":true,\"valueName\":\"search_term_string\"}}],\"inLanguage\":\"hu\"},{\"@type\":\"Organization\",\"@id\":\"https:\\\/\\\/www.klarairosa.com\\\/en\\\/#organization\",\"name\":\"Klara i Rosa\",\"url\":\"https:\\\/\\\/www.klarairosa.com\\\/en\\\/\",\"logo\":{\"@type\":\"ImageObject\",\"inLanguage\":\"hu\",\"@id\":\"https:\\\/\\\/www.klarairosa.com\\\/en\\\/#\\\/schema\\\/logo\\\/image\\\/\",\"url\":\"https:\\\/\\\/www.klarairosa.com\\\/wp-content\\\/uploads\\\/2022\\\/01\\\/logo.svg\",\"contentUrl\":\"https:\\\/\\\/www.klarairosa.com\\\/wp-content\\\/uploads\\\/2022\\\/01\\\/logo.svg\",\"width\":110,\"height\":139,\"caption\":\"Klara i Rosa\"},\"image\":{\"@id\":\"https:\\\/\\\/www.klarairosa.com\\\/en\\\/#\\\/schema\\\/logo\\\/image\\\/\"},\"sameAs\":[\"https:\\\/\\\/www.facebook.com\\\/klarairosa\\\/\",\"https:\\\/\\\/www.instagram.com\\\/ugklarairosa\\\/\"]}]}<\/script>\n<!-- \/ Yoast SEO plugin. -->","yoast_head_json":{"title":"Ostalo - Klara i Rosa","robots":{"index":"index","follow":"follow","max-snippet":"max-snippet:-1","max-image-preview":"max-image-preview:large","max-video-preview":"max-video-preview:-1"},"canonical":"https:\/\/www.klarairosa.com\/hu\/drugo\/","og_locale":"hu_HU","og_type":"article","og_title":"Ostalo - Klara i Rosa","og_url":"https:\/\/www.klarairosa.com\/hu\/drugo\/","og_site_name":"Klara i Rosa","article_publisher":"https:\/\/www.facebook.com\/klarairosa\/","article_modified_time":"2022-04-02T20:22:04+00:00","twitter_card":"summary_large_image","schema":{"@context":"https:\/\/schema.org","@graph":[{"@type":"WebPage","@id":"https:\/\/www.klarairosa.com\/drugo\/","url":"https:\/\/www.klarairosa.com\/drugo\/","name":"Ostalo - Klara i Rosa","isPartOf":{"@id":"https:\/\/www.klarairosa.com\/en\/#website"},"datePublished":"2022-03-28T12:34:03+00:00","dateModified":"2022-04-02T20:22:04+00:00","breadcrumb":{"@id":"https:\/\/www.klarairosa.com\/drugo\/#breadcrumb"},"inLanguage":"hu","potentialAction":[{"@type":"ReadAction","target":["https:\/\/www.klarairosa.com\/drugo\/"]}]},{"@type":"BreadcrumbList","@id":"https:\/\/www.klarairosa.com\/drugo\/#breadcrumb","itemListElement":[{"@type":"ListItem","position":1,"name":"Home","item":"https:\/\/www.klarairosa.com\/"},{"@type":"ListItem","position":2,"name":"Ostalo"}]},{"@type":"WebSite","@id":"https:\/\/www.klarairosa.com\/en\/#website","url":"https:\/\/www.klarairosa.com\/en\/","name":"Kl\u00e1ra \u00e9s Rosa Egyes\u00fclet","description":"Kl\u00e1ra \u00e9s Rosa Egyes\u00fclet","publisher":{"@id":"https:\/\/www.klarairosa.com\/en\/#organization"},"potentialAction":[{"@type":"SearchAction","target":{"@type":"EntryPoint","urlTemplate":"https:\/\/www.klarairosa.com\/en\/?s={search_term_string}"},"query-input":{"@type":"PropertyValueSpecification","valueRequired":true,"valueName":"search_term_string"}}],"inLanguage":"hu"},{"@type":"Organization","@id":"https:\/\/www.klarairosa.com\/en\/#organization","name":"Kl\u00e1ra \u00e9s Rosa Egyes\u00fclet","url":"https:\/\/www.klarairosa.com\/en\/","logo":{"@type":"ImageObject","inLanguage":"hu","@id":"https:\/\/www.klarairosa.com\/en\/#\/schema\/logo\/image\/","url":"https:\/\/www.klarairosa.com\/wp-content\/uploads\/2022\/01\/logo.svg","contentUrl":"https:\/\/www.klarairosa.com\/wp-content\/uploads\/2022\/01\/logo.svg","width":110,"height":139,"caption":"Klara i Rosa"},"image":{"@id":"https:\/\/www.klarairosa.com\/en\/#\/schema\/logo\/image\/"},"sameAs":["https:\/\/www.facebook.com\/klarairosa\/","https:\/\/www.instagram.com\/ugklarairosa\/"]}]}},"_links":{"self":[{"href":"https:\/\/www.klarairosa.com\/hu\/wp-json\/wp\/v2\/pages\/17619","targetHints":{"allow":["GET"]}}],"collection":[{"href":"https:\/\/www.klarairosa.com\/hu\/wp-json\/wp\/v2\/pages"}],"about":[{"href":"https:\/\/www.klarairosa.com\/hu\/wp-json\/wp\/v2\/types\/page"}],"author":[{"embeddable":true,"href":"https:\/\/www.klarairosa.com\/hu\/wp-json\/wp\/v2\/users\/1"}],"replies":[{"embeddable":true,"href":"https:\/\/www.klarairosa.com\/hu\/wp-json\/wp\/v2\/comments?post=17619"}],"version-history":[{"count":2,"href":"https:\/\/www.klarairosa.com\/hu\/wp-json\/wp\/v2\/pages\/17619\/revisions"}],"predecessor-version":[{"id":18086,"href":"https:\/\/www.klarairosa.com\/hu\/wp-json\/wp\/v2\/pages\/17619\/revisions\/18086"}],"wp:attachment":[{"href":"https:\/\/www.klarairosa.com\/hu\/wp-json\/wp\/v2\/media?parent=17619"}],"curies":[{"name":"wp","href":"https:\/\/api.w.org\/{rel}","templated":true}]}}