{"id":17018,"date":"2022-03-17T12:53:15","date_gmt":"2022-03-17T12:53:15","guid":{"rendered":"https:\/\/www.klarairosa.com\/?page_id=17018"},"modified":"2022-03-28T12:30:18","modified_gmt":"2022-03-28T12:30:18","slug":"jedna-uz-drugu-2","status":"publish","type":"page","link":"https:\/\/www.klarairosa.com\/hu\/jedna-uz-drugu-2\/","title":{"rendered":"Egym\u00e1s mellett"},"content":{"rendered":"<div class=\"wpb-content-wrapper\"><div      class=\"vc_row wpb_row section vc_row-fluid\" style=' text-align:left;'><div class=\"full_section_inner clearfix\"><div class=\"wpb_column vc_column_container vc_col-sm-12\"><div class=\"vc_column-inner\"><div class=\"wpb_wrapper\"><div class=\"qode-news-holder qode-layout1 qode-news-pag-standard qode-news-columns-3 qode-nl-small-space qode-center-alignment\"  data-post-status=\"publish\" data-category-name=\"jedna-uz-drugu\" data-ignore-sticky-posts=\"1\" data-orderby=\"date\" data-posts-per-page=\"9\" data-sort=\"latest\" data-paged=\"1\" data-max-num-pages=\"1\" data-next-page=\"2\" data-title-tag=\"h5\" data-image-size=\"portfolio-landscape\" data-display-categories=\"no\" data-display-excerpt=\"no\" data-display-date=\"yes\" data-date-format=\"published\" data-display-author=\"no\" data-display-share=\"no\" data-display-hot-trending-icons=\"no\" data-pagination-numbers-amount=\"3\" data-layout=\"qode_layout1\"><div class=\"qode-news-list-inner-holder\" data-number-of-items=\"3\"><div class=\"qode-news-item qode-layout1-item\">\n\t\t<div class=\"qode-news-item-image-holder\">\n\t\t\t<div class=\"qode-post-image\">\n\t    <a itemprop=\"url\" href=\"https:\/\/www.klarairosa.com\/hu\/premijera-predstave-jedna-uz-drugu\/\" title=\"\u201eEgym\u00e1s mellett\u201d c\u00edm\u0171 darab \u0151sbemutat\u00f3ja\">\n                        <img fetchpriority=\"high\" decoding=\"async\" width=\"800\" height=\"600\" src=\"https:\/\/www.klarairosa.com\/wp-content\/uploads\/2022\/03\/54437100_2272373696383888_1445670375332511744_n-800x600.jpg\" class=\"attachment-portfolio-landscape size-portfolio-landscape wp-post-image\" alt=\"\" srcset=\"https:\/\/www.klarairosa.com\/wp-content\/uploads\/2022\/03\/54437100_2272373696383888_1445670375332511744_n-800x600.jpg 800w, https:\/\/www.klarairosa.com\/wp-content\/uploads\/2022\/03\/54437100_2272373696383888_1445670375332511744_n-300x225.jpg 300w, https:\/\/www.klarairosa.com\/wp-content\/uploads\/2022\/03\/54437100_2272373696383888_1445670375332511744_n-1024x768.jpg 1024w, https:\/\/www.klarairosa.com\/wp-content\/uploads\/2022\/03\/54437100_2272373696383888_1445670375332511744_n-768x576.jpg 768w, https:\/\/www.klarairosa.com\/wp-content\/uploads\/2022\/03\/54437100_2272373696383888_1445670375332511744_n-700x525.jpg 700w, https:\/\/www.klarairosa.com\/wp-content\/uploads\/2022\/03\/54437100_2272373696383888_1445670375332511744_n.jpg 1200w\" sizes=\"(max-width: 800px) 100vw, 800px\" \/>            \t    <\/a>\n\t<\/div>\n        <div class=\"qode-news-image-info-holder-left\">\n\t\t\t        <\/div>\n        <div class=\"qode-news-image-info-holder-right\">\n\t\t\t\t\t<\/div>\n\t<\/div>\n    \t<div class=\"qode-ni-content\">\n        \t\t\n<h5 itemprop=\"name\" class=\"entry-title qode-post-title\">\n    <a itemprop=\"url\" href=\"https:\/\/www.klarairosa.com\/hu\/premijera-predstave-jedna-uz-drugu\/\" title=\"\u201eEgym\u00e1s mellett\u201d c\u00edm\u0171 darab \u0151sbemutat\u00f3ja\">\n        \u201eEgym\u00e1s mellett\u201d c\u00edm\u0171 darab \u0151sbemutat\u00f3ja    <\/a>\n<\/h5>\t\t\t\t\t<div itemprop=\"dateCreated\" class=\"qode-post-info-date entry-date published updated\">\n\t    \t        <a itemprop=\"url\" href=\"https:\/\/www.klarairosa.com\/hu\/2019\/04\/\">\n\t            <i class=\"dripicons-alarm\"><\/i>\n    \t07\/04\/2019        <\/a>\n\t    <meta itemprop=\"interactionCount\" content=\"UserComments: 0\"\/>\n\t<\/div>\n        \t<\/div>\n<\/div><div class=\"qode-news-item qode-layout1-item\">\n\t\t<div class=\"qode-news-item-image-holder\">\n\t\t\t<div class=\"qode-post-image\">\n\t    <a itemprop=\"url\" href=\"https:\/\/www.klarairosa.com\/hu\/jedna-uz-drugu\/\" title=\"Egym\u00e1s mellett\">\n                        <img decoding=\"async\" width=\"800\" height=\"600\" src=\"https:\/\/www.klarairosa.com\/wp-content\/uploads\/2019\/01\/slika2-800x600.jpg\" class=\"attachment-portfolio-landscape size-portfolio-landscape wp-post-image\" alt=\"\" \/>            \t    <\/a>\n\t<\/div>\n        <div class=\"qode-news-image-info-holder-left\">\n\t\t\t        <\/div>\n        <div class=\"qode-news-image-info-holder-right\">\n\t\t\t\t\t<\/div>\n\t<\/div>\n    \t<div class=\"qode-ni-content\">\n        \t\t\n<h5 itemprop=\"name\" class=\"entry-title qode-post-title\">\n    <a itemprop=\"url\" href=\"https:\/\/www.klarairosa.com\/hu\/jedna-uz-drugu\/\" title=\"Egym\u00e1s mellett\">\n        Egym\u00e1s mellett    <\/a>\n<\/h5>\t\t\t\t\t<div itemprop=\"dateCreated\" class=\"qode-post-info-date entry-date published updated\">\n\t    \t        <a itemprop=\"url\" href=\"https:\/\/www.klarairosa.com\/hu\/2019\/01\/\">\n\t            <i class=\"dripicons-alarm\"><\/i>\n    \t25\/01\/2019        <\/a>\n\t    <meta itemprop=\"interactionCount\" content=\"UserComments: 0\"\/>\n\t<\/div>\n        \t<\/div>\n<\/div><div class=\"qode-news-item qode-layout1-item\">\n\t\t<div class=\"qode-news-item-image-holder\">\n\t\t\t<div class=\"qode-post-image\">\n\t    <a itemprop=\"url\" href=\"https:\/\/www.klarairosa.com\/hu\/poziv-subotickim-umetnicama-jedna-uz-drugu\/\" title=\"EGYM\u00c1S MELLETT-Felh\u00edv\u00e1s szabadkai n\u0151i m\u0171v\u00e9szek r\u00e9sz\u00e9re\">\n                        <img decoding=\"async\" width=\"800\" height=\"600\" src=\"https:\/\/www.klarairosa.com\/wp-content\/uploads\/2022\/03\/46966482_2203973323223926_1532965237731360768_n-800x600.jpg\" class=\"attachment-portfolio-landscape size-portfolio-landscape wp-post-image\" alt=\"\" srcset=\"https:\/\/www.klarairosa.com\/wp-content\/uploads\/2022\/03\/46966482_2203973323223926_1532965237731360768_n-800x600.jpg 800w, https:\/\/www.klarairosa.com\/wp-content\/uploads\/2022\/03\/46966482_2203973323223926_1532965237731360768_n-300x225.jpg 300w, https:\/\/www.klarairosa.com\/wp-content\/uploads\/2022\/03\/46966482_2203973323223926_1532965237731360768_n-1024x768.jpg 1024w, https:\/\/www.klarairosa.com\/wp-content\/uploads\/2022\/03\/46966482_2203973323223926_1532965237731360768_n-768x576.jpg 768w, https:\/\/www.klarairosa.com\/wp-content\/uploads\/2022\/03\/46966482_2203973323223926_1532965237731360768_n-700x525.jpg 700w, https:\/\/www.klarairosa.com\/wp-content\/uploads\/2022\/03\/46966482_2203973323223926_1532965237731360768_n.jpg 1200w\" sizes=\"(max-width: 800px) 100vw, 800px\" \/>            \t    <\/a>\n\t<\/div>\n        <div class=\"qode-news-image-info-holder-left\">\n\t\t\t        <\/div>\n        <div class=\"qode-news-image-info-holder-right\">\n\t\t\t\t\t<\/div>\n\t<\/div>\n    \t<div class=\"qode-ni-content\">\n        \t\t\n<h5 itemprop=\"name\" class=\"entry-title qode-post-title\">\n    <a itemprop=\"url\" href=\"https:\/\/www.klarairosa.com\/hu\/poziv-subotickim-umetnicama-jedna-uz-drugu\/\" title=\"EGYM\u00c1S MELLETT-Felh\u00edv\u00e1s szabadkai n\u0151i m\u0171v\u00e9szek r\u00e9sz\u00e9re\">\n        EGYM\u00c1S MELLETT-Felh\u00edv\u00e1s szabadkai n\u0151i m\u0171v\u00e9szek r\u00e9sz\u00e9re    <\/a>\n<\/h5>\t\t\t\t\t<div itemprop=\"dateCreated\" class=\"qode-post-info-date entry-date published updated\">\n\t    \t        <a itemprop=\"url\" href=\"https:\/\/www.klarairosa.com\/hu\/2018\/12\/\">\n\t            <i class=\"dripicons-alarm\"><\/i>\n    \t02\/12\/2018        <\/a>\n\t    <meta itemprop=\"interactionCount\" content=\"UserComments: 0\"\/>\n\t<\/div>\n        \t<\/div>\n<\/div><\/div><\/div><div class=\"vc_empty_space\"  style=\"height: 80px\" >\n\t<span class=\"vc_empty_space_inner\">\n\t\t<span class=\"empty_space_image\"  ><\/span>\n\t<\/span>\n<\/div><\/div><\/div><\/div><\/div><\/div>\n<\/div>","protected":false},"excerpt":{"rendered":"<p>Iz plemena sam \u017eenaRo\u0111enih iz plamenaMu\u0161ke igre glave nas stajalei sada smo seme u zemljikoje...<\/p>","protected":false},"author":1,"featured_media":0,"parent":0,"menu_order":0,"comment_status":"closed","ping_status":"closed","template":"","meta":{"content-type":"","inline_featured_image":false,"footnotes":""},"class_list":["post-17018","page","type-page","status-publish","hentry"],"yoast_head":"<!-- This site is optimized with the Yoast SEO plugin v27.5 - https:\/\/yoast.com\/product\/yoast-seo-wordpress\/ -->\n<title>Jedna uz drugu - Klara i Rosa<\/title>\n<meta name=\"robots\" content=\"index, follow, max-snippet:-1, max-image-preview:large, max-video-preview:-1\" \/>\n<link rel=\"canonical\" href=\"https:\/\/www.klarairosa.com\/hu\/jedna-uz-drugu-2\/\" \/>\n<meta property=\"og:locale\" content=\"hu_HU\" \/>\n<meta property=\"og:type\" content=\"article\" \/>\n<meta property=\"og:title\" content=\"Jedna uz drugu - Klara i Rosa\" \/>\n<meta property=\"og:url\" content=\"https:\/\/www.klarairosa.com\/hu\/jedna-uz-drugu-2\/\" \/>\n<meta property=\"og:site_name\" content=\"Klara i Rosa\" \/>\n<meta property=\"article:publisher\" content=\"https:\/\/www.facebook.com\/klarairosa\/\" \/>\n<meta property=\"article:modified_time\" content=\"2022-03-28T12:30:18+00:00\" \/>\n<meta name=\"twitter:card\" content=\"summary_large_image\" \/>\n<script type=\"application\/ld+json\" class=\"yoast-schema-graph\">{\"@context\":\"https:\\\/\\\/schema.org\",\"@graph\":[{\"@type\":\"WebPage\",\"@id\":\"https:\\\/\\\/www.klarairosa.com\\\/jedna-uz-drugu-2\\\/\",\"url\":\"https:\\\/\\\/www.klarairosa.com\\\/jedna-uz-drugu-2\\\/\",\"name\":\"Jedna uz drugu - Klara i Rosa\",\"isPartOf\":{\"@id\":\"https:\\\/\\\/www.klarairosa.com\\\/en\\\/#website\"},\"datePublished\":\"2022-03-17T12:53:15+00:00\",\"dateModified\":\"2022-03-28T12:30:18+00:00\",\"breadcrumb\":{\"@id\":\"https:\\\/\\\/www.klarairosa.com\\\/jedna-uz-drugu-2\\\/#breadcrumb\"},\"inLanguage\":\"hu\",\"potentialAction\":[{\"@type\":\"ReadAction\",\"target\":[\"https:\\\/\\\/www.klarairosa.com\\\/jedna-uz-drugu-2\\\/\"]}]},{\"@type\":\"BreadcrumbList\",\"@id\":\"https:\\\/\\\/www.klarairosa.com\\\/jedna-uz-drugu-2\\\/#breadcrumb\",\"itemListElement\":[{\"@type\":\"ListItem\",\"position\":1,\"name\":\"Home\",\"item\":\"https:\\\/\\\/www.klarairosa.com\\\/\"},{\"@type\":\"ListItem\",\"position\":2,\"name\":\"Jedna uz drugu\"}]},{\"@type\":\"WebSite\",\"@id\":\"https:\\\/\\\/www.klarairosa.com\\\/en\\\/#website\",\"url\":\"https:\\\/\\\/www.klarairosa.com\\\/en\\\/\",\"name\":\"Klara i Rosa\",\"description\":\"Klara i Rosa\",\"publisher\":{\"@id\":\"https:\\\/\\\/www.klarairosa.com\\\/en\\\/#organization\"},\"potentialAction\":[{\"@type\":\"SearchAction\",\"target\":{\"@type\":\"EntryPoint\",\"urlTemplate\":\"https:\\\/\\\/www.klarairosa.com\\\/en\\\/?s={search_term_string}\"},\"query-input\":{\"@type\":\"PropertyValueSpecification\",\"valueRequired\":true,\"valueName\":\"search_term_string\"}}],\"inLanguage\":\"hu\"},{\"@type\":\"Organization\",\"@id\":\"https:\\\/\\\/www.klarairosa.com\\\/en\\\/#organization\",\"name\":\"Klara i Rosa\",\"url\":\"https:\\\/\\\/www.klarairosa.com\\\/en\\\/\",\"logo\":{\"@type\":\"ImageObject\",\"inLanguage\":\"hu\",\"@id\":\"https:\\\/\\\/www.klarairosa.com\\\/en\\\/#\\\/schema\\\/logo\\\/image\\\/\",\"url\":\"https:\\\/\\\/www.klarairosa.com\\\/wp-content\\\/uploads\\\/2022\\\/01\\\/logo.svg\",\"contentUrl\":\"https:\\\/\\\/www.klarairosa.com\\\/wp-content\\\/uploads\\\/2022\\\/01\\\/logo.svg\",\"width\":110,\"height\":139,\"caption\":\"Klara i Rosa\"},\"image\":{\"@id\":\"https:\\\/\\\/www.klarairosa.com\\\/en\\\/#\\\/schema\\\/logo\\\/image\\\/\"},\"sameAs\":[\"https:\\\/\\\/www.facebook.com\\\/klarairosa\\\/\",\"https:\\\/\\\/www.instagram.com\\\/ugklarairosa\\\/\"]}]}<\/script>\n<!-- \/ Yoast SEO plugin. -->","yoast_head_json":{"title":"Jedna uz drugu - Klara i Rosa","robots":{"index":"index","follow":"follow","max-snippet":"max-snippet:-1","max-image-preview":"max-image-preview:large","max-video-preview":"max-video-preview:-1"},"canonical":"https:\/\/www.klarairosa.com\/hu\/jedna-uz-drugu-2\/","og_locale":"hu_HU","og_type":"article","og_title":"Jedna uz drugu - Klara i Rosa","og_url":"https:\/\/www.klarairosa.com\/hu\/jedna-uz-drugu-2\/","og_site_name":"Klara i Rosa","article_publisher":"https:\/\/www.facebook.com\/klarairosa\/","article_modified_time":"2022-03-28T12:30:18+00:00","twitter_card":"summary_large_image","schema":{"@context":"https:\/\/schema.org","@graph":[{"@type":"WebPage","@id":"https:\/\/www.klarairosa.com\/jedna-uz-drugu-2\/","url":"https:\/\/www.klarairosa.com\/jedna-uz-drugu-2\/","name":"Jedna uz drugu - Klara i Rosa","isPartOf":{"@id":"https:\/\/www.klarairosa.com\/en\/#website"},"datePublished":"2022-03-17T12:53:15+00:00","dateModified":"2022-03-28T12:30:18+00:00","breadcrumb":{"@id":"https:\/\/www.klarairosa.com\/jedna-uz-drugu-2\/#breadcrumb"},"inLanguage":"hu","potentialAction":[{"@type":"ReadAction","target":["https:\/\/www.klarairosa.com\/jedna-uz-drugu-2\/"]}]},{"@type":"BreadcrumbList","@id":"https:\/\/www.klarairosa.com\/jedna-uz-drugu-2\/#breadcrumb","itemListElement":[{"@type":"ListItem","position":1,"name":"Home","item":"https:\/\/www.klarairosa.com\/"},{"@type":"ListItem","position":2,"name":"Jedna uz drugu"}]},{"@type":"WebSite","@id":"https:\/\/www.klarairosa.com\/en\/#website","url":"https:\/\/www.klarairosa.com\/en\/","name":"Kl\u00e1ra \u00e9s Rosa Egyes\u00fclet","description":"Kl\u00e1ra \u00e9s Rosa Egyes\u00fclet","publisher":{"@id":"https:\/\/www.klarairosa.com\/en\/#organization"},"potentialAction":[{"@type":"SearchAction","target":{"@type":"EntryPoint","urlTemplate":"https:\/\/www.klarairosa.com\/en\/?s={search_term_string}"},"query-input":{"@type":"PropertyValueSpecification","valueRequired":true,"valueName":"search_term_string"}}],"inLanguage":"hu"},{"@type":"Organization","@id":"https:\/\/www.klarairosa.com\/en\/#organization","name":"Kl\u00e1ra \u00e9s Rosa Egyes\u00fclet","url":"https:\/\/www.klarairosa.com\/en\/","logo":{"@type":"ImageObject","inLanguage":"hu","@id":"https:\/\/www.klarairosa.com\/en\/#\/schema\/logo\/image\/","url":"https:\/\/www.klarairosa.com\/wp-content\/uploads\/2022\/01\/logo.svg","contentUrl":"https:\/\/www.klarairosa.com\/wp-content\/uploads\/2022\/01\/logo.svg","width":110,"height":139,"caption":"Klara i Rosa"},"image":{"@id":"https:\/\/www.klarairosa.com\/en\/#\/schema\/logo\/image\/"},"sameAs":["https:\/\/www.facebook.com\/klarairosa\/","https:\/\/www.instagram.com\/ugklarairosa\/"]}]}},"_links":{"self":[{"href":"https:\/\/www.klarairosa.com\/hu\/wp-json\/wp\/v2\/pages\/17018","targetHints":{"allow":["GET"]}}],"collection":[{"href":"https:\/\/www.klarairosa.com\/hu\/wp-json\/wp\/v2\/pages"}],"about":[{"href":"https:\/\/www.klarairosa.com\/hu\/wp-json\/wp\/v2\/types\/page"}],"author":[{"embeddable":true,"href":"https:\/\/www.klarairosa.com\/hu\/wp-json\/wp\/v2\/users\/1"}],"replies":[{"embeddable":true,"href":"https:\/\/www.klarairosa.com\/hu\/wp-json\/wp\/v2\/comments?post=17018"}],"version-history":[{"count":7,"href":"https:\/\/www.klarairosa.com\/hu\/wp-json\/wp\/v2\/pages\/17018\/revisions"}],"predecessor-version":[{"id":17613,"href":"https:\/\/www.klarairosa.com\/hu\/wp-json\/wp\/v2\/pages\/17018\/revisions\/17613"}],"wp:attachment":[{"href":"https:\/\/www.klarairosa.com\/hu\/wp-json\/wp\/v2\/media?parent=17018"}],"curies":[{"name":"wp","href":"https:\/\/api.w.org\/{rel}","templated":true}]}}