{"id":17042,"date":"2022-03-17T13:31:11","date_gmt":"2022-03-17T13:31:11","guid":{"rendered":"https:\/\/www.klarairosa.com\/?page_id=17042"},"modified":"2022-03-28T12:26:02","modified_gmt":"2022-03-28T12:26:02","slug":"7-83-hz","status":"publish","type":"page","link":"https:\/\/www.klarairosa.com\/en\/7-83-hz\/","title":{"rendered":"7.83 HZ"},"content":{"rendered":"<div class=\"wpb-content-wrapper\"><div      class=\"vc_row wpb_row section vc_row-fluid\" style=' text-align:left;'><div class=\"full_section_inner clearfix\"><div class=\"wpb_column vc_column_container vc_col-sm-12\"><div class=\"vc_column-inner\"><div class=\"wpb_wrapper\"><div class=\"qode-news-holder qode-layout1 qode-news-pag-standard qode-news-columns-3 qode-nl-small-space qode-center-alignment\"  data-post-status=\"publish\" data-category-name=\"7-83-hz\" data-ignore-sticky-posts=\"1\" data-orderby=\"date\" data-posts-per-page=\"9\" data-sort=\"latest\" data-paged=\"1\" data-max-num-pages=\"2\" data-next-page=\"2\" data-title-tag=\"h5\" data-image-size=\"portfolio-landscape\" data-display-categories=\"no\" data-display-excerpt=\"no\" data-display-date=\"yes\" data-date-format=\"published\" data-display-author=\"no\" data-display-share=\"no\" data-display-hot-trending-icons=\"no\" data-pagination-numbers-amount=\"3\" data-layout=\"qode_layout1\"><div class=\"qode-news-list-inner-holder\" data-number-of-items=\"3\"><div class=\"qode-news-item qode-layout1-item\">\n\t\t<div class=\"qode-news-item-image-holder\">\n\t\t\t<div class=\"qode-post-image\">\n\t    <a itemprop=\"url\" href=\"https:\/\/www.klarairosa.com\/en\/783-hz-eko-mural\/\" title=\"7,83 Hz: Eco mural\">\n                        <img fetchpriority=\"high\" decoding=\"async\" width=\"800\" height=\"600\" src=\"https:\/\/www.klarairosa.com\/wp-content\/uploads\/2022\/06\/289300599_1080272499507422_3766799474571303078_n-800x600.jpg\" class=\"attachment-portfolio-landscape size-portfolio-landscape wp-post-image\" alt=\"\" srcset=\"https:\/\/www.klarairosa.com\/wp-content\/uploads\/2022\/06\/289300599_1080272499507422_3766799474571303078_n.jpg 800w, https:\/\/www.klarairosa.com\/wp-content\/uploads\/2022\/06\/289300599_1080272499507422_3766799474571303078_n-300x225.jpg 300w, https:\/\/www.klarairosa.com\/wp-content\/uploads\/2022\/06\/289300599_1080272499507422_3766799474571303078_n-768x576.jpg 768w, https:\/\/www.klarairosa.com\/wp-content\/uploads\/2022\/06\/289300599_1080272499507422_3766799474571303078_n-700x525.jpg 700w\" sizes=\"(max-width: 800px) 100vw, 800px\" \/>            \t    <\/a>\n\t<\/div>\n        <div class=\"qode-news-image-info-holder-left\">\n\t\t\t        <\/div>\n        <div class=\"qode-news-image-info-holder-right\">\n\t\t\t\t\t<\/div>\n\t<\/div>\n    \t<div class=\"qode-ni-content\">\n        \t\t\n<h5 itemprop=\"name\" class=\"entry-title qode-post-title\">\n    <a itemprop=\"url\" href=\"https:\/\/www.klarairosa.com\/en\/783-hz-eko-mural\/\" title=\"7,83 Hz: Eco mural\">\n        7,83 Hz: Eco mural    <\/a>\n<\/h5>\t\t\t\t\t<div itemprop=\"dateCreated\" class=\"qode-post-info-date entry-date published updated\">\n\t    \t        <a itemprop=\"url\" href=\"https:\/\/www.klarairosa.com\/en\/2022\/06\/\">\n\t            <i class=\"dripicons-alarm\"><\/i>\n    \t10\/06\/2022        <\/a>\n\t    <meta itemprop=\"interactionCount\" content=\"UserComments: 0\"\/>\n\t<\/div>\n        \t<\/div>\n<\/div><div class=\"qode-news-item qode-layout1-item\">\n\t\t<div class=\"qode-news-item-image-holder\">\n\t\t\t<div class=\"qode-post-image\">\n\t    <a itemprop=\"url\" href=\"https:\/\/www.klarairosa.com\/en\/piknik-koncert-i-ciscenje-dascanske-sume\/\" title=\"Piknik, koncert i \u010di\u0161\u0107enje Da\u0161\u010danske \u0161ume\">\n                        <img decoding=\"async\" width=\"800\" height=\"600\" src=\"https:\/\/www.klarairosa.com\/wp-content\/uploads\/2022\/01\/EDY_1242-800x600.jpg\" class=\"attachment-portfolio-landscape size-portfolio-landscape wp-post-image\" alt=\"\" \/>            \t    <\/a>\n\t<\/div>\n        <div class=\"qode-news-image-info-holder-left\">\n\t\t\t        <\/div>\n        <div class=\"qode-news-image-info-holder-right\">\n\t\t\t\t\t<\/div>\n\t<\/div>\n    \t<div class=\"qode-ni-content\">\n        \t\t\n<h5 itemprop=\"name\" class=\"entry-title qode-post-title\">\n    <a itemprop=\"url\" href=\"https:\/\/www.klarairosa.com\/en\/piknik-koncert-i-ciscenje-dascanske-sume\/\" title=\"Piknik, koncert i \u010di\u0161\u0107enje Da\u0161\u010danske \u0161ume\">\n        Piknik, koncert i \u010di\u0161\u0107enje Da\u0161\u010danske \u0161ume    <\/a>\n<\/h5>\t\t\t\t\t<div itemprop=\"dateCreated\" class=\"qode-post-info-date entry-date published updated\">\n\t    \t        <a itemprop=\"url\" href=\"https:\/\/www.klarairosa.com\/en\/2022\/06\/\">\n\t            <i class=\"dripicons-alarm\"><\/i>\n    \t10\/06\/2022        <\/a>\n\t    <meta itemprop=\"interactionCount\" content=\"UserComments: 0\"\/>\n\t<\/div>\n        \t<\/div>\n<\/div><div class=\"qode-news-item qode-layout1-item\">\n\t\t<div class=\"qode-news-item-image-holder\">\n\t\t\t<div class=\"qode-post-image\">\n\t    <a itemprop=\"url\" href=\"https:\/\/www.klarairosa.com\/en\/radio-plac-ekoloska-tribina-kulturne-i-umetnicke-prakse-za-ocuvanje-zivotne-sredine\/\" title=\"PLAC RADIO - ECO PANEL DISCUSSION: CULTURAL AND ARTISTIC PRACTICES FOR ENVIRONMENT PRESERVATION\">\n                        <img decoding=\"async\" width=\"800\" height=\"600\" src=\"https:\/\/www.klarairosa.com\/wp-content\/uploads\/2022\/03\/kkk-1536x865-1-e1648370676886-800x600.jpg\" class=\"attachment-portfolio-landscape size-portfolio-landscape wp-post-image\" alt=\"\" \/>            \t    <\/a>\n\t<\/div>\n        <div class=\"qode-news-image-info-holder-left\">\n\t\t\t        <\/div>\n        <div class=\"qode-news-image-info-holder-right\">\n\t\t\t\t\t<\/div>\n\t<\/div>\n    \t<div class=\"qode-ni-content\">\n        \t\t\n<h5 itemprop=\"name\" class=\"entry-title qode-post-title\">\n    <a itemprop=\"url\" href=\"https:\/\/www.klarairosa.com\/en\/radio-plac-ekoloska-tribina-kulturne-i-umetnicke-prakse-za-ocuvanje-zivotne-sredine\/\" title=\"PLAC RADIO - ECO PANEL DISCUSSION: CULTURAL AND ARTISTIC PRACTICES FOR ENVIRONMENT PRESERVATION\">\n        PLAC RADIO - ECO PANEL DISCUSSION: CULTURAL AND ARTISTIC PRACTICES FOR ENVIRONMENT PRESERVATION    <\/a>\n<\/h5>\t\t\t\t\t<div itemprop=\"dateCreated\" class=\"qode-post-info-date entry-date published updated\">\n\t    \t        <a itemprop=\"url\" href=\"https:\/\/www.klarairosa.com\/en\/2022\/03\/\">\n\t            <i class=\"dripicons-alarm\"><\/i>\n    \t26\/03\/2022        <\/a>\n\t    <meta itemprop=\"interactionCount\" content=\"UserComments: 0\"\/>\n\t<\/div>\n        \t<\/div>\n<\/div><div class=\"qode-news-item qode-layout1-item\">\n\t\t<div class=\"qode-news-item-image-holder\">\n\t\t\t<div class=\"qode-post-image\">\n\t    <a itemprop=\"url\" href=\"https:\/\/www.klarairosa.com\/en\/seed-swap\/\" title=\"Seed Swap\">\n                        <img loading=\"lazy\" decoding=\"async\" width=\"544\" height=\"408\" src=\"https:\/\/www.klarairosa.com\/wp-content\/uploads\/2022\/03\/seed-e1648370852946.jpg\" class=\"attachment-portfolio-landscape size-portfolio-landscape wp-post-image\" alt=\"\" srcset=\"https:\/\/www.klarairosa.com\/wp-content\/uploads\/2022\/03\/seed-e1648370852946.jpg 544w, https:\/\/www.klarairosa.com\/wp-content\/uploads\/2022\/03\/seed-e1648370852946-300x225.jpg 300w\" sizes=\"(max-width: 544px) 100vw, 544px\" \/>            \t    <\/a>\n\t<\/div>\n        <div class=\"qode-news-image-info-holder-left\">\n\t\t\t        <\/div>\n        <div class=\"qode-news-image-info-holder-right\">\n\t\t\t\t\t<\/div>\n\t<\/div>\n    \t<div class=\"qode-ni-content\">\n        \t\t\n<h5 itemprop=\"name\" class=\"entry-title qode-post-title\">\n    <a itemprop=\"url\" href=\"https:\/\/www.klarairosa.com\/en\/seed-swap\/\" title=\"Seed Swap\">\n        Seed Swap    <\/a>\n<\/h5>\t\t\t\t\t<div itemprop=\"dateCreated\" class=\"qode-post-info-date entry-date published updated\">\n\t    \t        <a itemprop=\"url\" href=\"https:\/\/www.klarairosa.com\/en\/2022\/03\/\">\n\t            <i class=\"dripicons-alarm\"><\/i>\n    \t20\/03\/2022        <\/a>\n\t    <meta itemprop=\"interactionCount\" content=\"UserComments: 0\"\/>\n\t<\/div>\n        \t<\/div>\n<\/div><div class=\"qode-news-item qode-layout1-item\">\n\t\t<div class=\"qode-news-item-image-holder\">\n\t\t\t<div class=\"qode-post-image\">\n\t    <a itemprop=\"url\" href=\"https:\/\/www.klarairosa.com\/en\/783-hz-ekoloska-tribina-kulturne-i-umetnicke-prakse-za-ocuvanje-zivotne-sredine\/\" title=\"7,83 Hz \u2013 Ekolo\u0161ka tribina: Kulturne i umetni\u010dke prakse za o\u010duvanje \u017eivotne sredine\">\n                        <img loading=\"lazy\" decoding=\"async\" width=\"793\" height=\"600\" src=\"https:\/\/www.klarairosa.com\/wp-content\/uploads\/2022\/03\/EKOTRIBINA-793x600.jpg\" class=\"attachment-portfolio-landscape size-portfolio-landscape wp-post-image\" alt=\"\" \/>            \t    <\/a>\n\t<\/div>\n        <div class=\"qode-news-image-info-holder-left\">\n\t\t\t        <\/div>\n        <div class=\"qode-news-image-info-holder-right\">\n\t\t\t\t\t<\/div>\n\t<\/div>\n    \t<div class=\"qode-ni-content\">\n        \t\t\n<h5 itemprop=\"name\" class=\"entry-title qode-post-title\">\n    <a itemprop=\"url\" href=\"https:\/\/www.klarairosa.com\/en\/783-hz-ekoloska-tribina-kulturne-i-umetnicke-prakse-za-ocuvanje-zivotne-sredine\/\" title=\"7,83 Hz \u2013 Ekolo\u0161ka tribina: Kulturne i umetni\u010dke prakse za o\u010duvanje \u017eivotne sredine\">\n        7,83 Hz \u2013 Ekolo\u0161ka tribina: Kulturne i umetni\u010dke prakse za o\u010duvanje \u017eivotne sredine    <\/a>\n<\/h5>\t\t\t\t\t<div itemprop=\"dateCreated\" class=\"qode-post-info-date entry-date published updated\">\n\t    \t        <a itemprop=\"url\" href=\"https:\/\/www.klarairosa.com\/en\/2022\/03\/\">\n\t            <i class=\"dripicons-alarm\"><\/i>\n    \t17\/03\/2022        <\/a>\n\t    <meta itemprop=\"interactionCount\" content=\"UserComments: 0\"\/>\n\t<\/div>\n        \t<\/div>\n<\/div><div class=\"qode-news-item qode-layout1-item\">\n\t\t<div class=\"qode-news-item-image-holder\">\n\t\t\t<div class=\"qode-post-image\">\n\t    <a itemprop=\"url\" href=\"https:\/\/www.klarairosa.com\/en\/radio-plac-subotica-bosonoga-deca-bastovanstvo-i-moc-pojedinca\/\" title=\"Radio Plac Subotica \/ Bosonoga deca: Ba\u0161tovanstvo i mo\u0107 pojedinca\">\n                        <img loading=\"lazy\" decoding=\"async\" width=\"800\" height=\"600\" src=\"https:\/\/www.klarairosa.com\/wp-content\/uploads\/2022\/03\/DSC07081-1536x1024-1-800x600.jpg\" class=\"attachment-portfolio-landscape size-portfolio-landscape wp-post-image\" alt=\"\" \/>            \t    <\/a>\n\t<\/div>\n        <div class=\"qode-news-image-info-holder-left\">\n\t\t\t        <\/div>\n        <div class=\"qode-news-image-info-holder-right\">\n\t\t\t\t\t<\/div>\n\t<\/div>\n    \t<div class=\"qode-ni-content\">\n        \t\t\n<h5 itemprop=\"name\" class=\"entry-title qode-post-title\">\n    <a itemprop=\"url\" href=\"https:\/\/www.klarairosa.com\/en\/radio-plac-subotica-bosonoga-deca-bastovanstvo-i-moc-pojedinca\/\" title=\"Radio Plac Subotica \/ Bosonoga deca: Ba\u0161tovanstvo i mo\u0107 pojedinca\">\n        Radio Plac Subotica \/ Bosonoga deca: Ba\u0161tovanstvo i mo\u0107 pojedinca    <\/a>\n<\/h5>\t\t\t\t\t<div itemprop=\"dateCreated\" class=\"qode-post-info-date entry-date published updated\">\n\t    \t        <a itemprop=\"url\" href=\"https:\/\/www.klarairosa.com\/en\/2022\/01\/\">\n\t            <i class=\"dripicons-alarm\"><\/i>\n    \t31\/01\/2022        <\/a>\n\t    <meta itemprop=\"interactionCount\" content=\"UserComments: 0\"\/>\n\t<\/div>\n        \t<\/div>\n<\/div><div class=\"qode-news-item qode-layout1-item\">\n\t\t<div class=\"qode-news-item-image-holder\">\n\t\t\t<div class=\"qode-post-image\">\n\t    <a itemprop=\"url\" href=\"https:\/\/www.klarairosa.com\/en\/radio-plac-okoharcok-2\/\" title=\"Radio Plac: \u00d6ko(h)arcok\">\n                        <img loading=\"lazy\" decoding=\"async\" width=\"500\" height=\"375\" src=\"https:\/\/www.klarairosa.com\/wp-content\/uploads\/2022\/07\/Zold-Sziv-Ikon-Kornyezet-Logo-1-e1657974027693.png\" class=\"attachment-portfolio-landscape size-portfolio-landscape wp-post-image\" alt=\"\" srcset=\"https:\/\/www.klarairosa.com\/wp-content\/uploads\/2022\/07\/Zold-Sziv-Ikon-Kornyezet-Logo-1-e1657974027693.png 500w, https:\/\/www.klarairosa.com\/wp-content\/uploads\/2022\/07\/Zold-Sziv-Ikon-Kornyezet-Logo-1-e1657974027693-300x225.png 300w\" sizes=\"(max-width: 500px) 100vw, 500px\" \/>            \t    <\/a>\n\t<\/div>\n        <div class=\"qode-news-image-info-holder-left\">\n\t\t\t        <\/div>\n        <div class=\"qode-news-image-info-holder-right\">\n\t\t\t\t\t<\/div>\n\t<\/div>\n    \t<div class=\"qode-ni-content\">\n        \t\t\n<h5 itemprop=\"name\" class=\"entry-title qode-post-title\">\n    <a itemprop=\"url\" href=\"https:\/\/www.klarairosa.com\/en\/radio-plac-okoharcok-2\/\" title=\"Radio Plac: \u00d6ko(h)arcok\">\n        Radio Plac: \u00d6ko(h)arcok    <\/a>\n<\/h5>\t\t\t\t\t<div itemprop=\"dateCreated\" class=\"qode-post-info-date entry-date published updated\">\n\t    \t        <a itemprop=\"url\" href=\"https:\/\/www.klarairosa.com\/en\/2022\/01\/\">\n\t            <i class=\"dripicons-alarm\"><\/i>\n    \t16\/01\/2022        <\/a>\n\t    <meta itemprop=\"interactionCount\" content=\"UserComments: 0\"\/>\n\t<\/div>\n        \t<\/div>\n<\/div><div class=\"qode-news-item qode-layout1-item\">\n\t\t<div class=\"qode-news-item-image-holder\">\n\t\t\t<div class=\"qode-post-image\">\n\t    <a itemprop=\"url\" href=\"https:\/\/www.klarairosa.com\/en\/future-generations-podcast\/\" title=\"Future Generations podcast\">\n                        <img loading=\"lazy\" decoding=\"async\" width=\"800\" height=\"600\" src=\"https:\/\/www.klarairosa.com\/wp-content\/uploads\/2022\/03\/Future-G-800x600.jpg\" class=\"attachment-portfolio-landscape size-portfolio-landscape wp-post-image\" alt=\"\" \/>            \t    <\/a>\n\t<\/div>\n        <div class=\"qode-news-image-info-holder-left\">\n\t\t\t        <\/div>\n        <div class=\"qode-news-image-info-holder-right\">\n\t\t\t\t\t<\/div>\n\t<\/div>\n    \t<div class=\"qode-ni-content\">\n        \t\t\n<h5 itemprop=\"name\" class=\"entry-title qode-post-title\">\n    <a itemprop=\"url\" href=\"https:\/\/www.klarairosa.com\/en\/future-generations-podcast\/\" title=\"Future Generations podcast\">\n        Future Generations podcast    <\/a>\n<\/h5>\t\t\t\t\t<div itemprop=\"dateCreated\" class=\"qode-post-info-date entry-date published updated\">\n\t    \t        <a itemprop=\"url\" href=\"https:\/\/www.klarairosa.com\/en\/2021\/10\/\">\n\t            <i class=\"dripicons-alarm\"><\/i>\n    \t05\/10\/2021        <\/a>\n\t    <meta itemprop=\"interactionCount\" content=\"UserComments: 0\"\/>\n\t<\/div>\n        \t<\/div>\n<\/div><div class=\"qode-news-item qode-layout1-item\">\n\t\t<div class=\"qode-news-item-image-holder\">\n\t\t\t<div class=\"qode-post-image\">\n\t    <a itemprop=\"url\" href=\"https:\/\/www.klarairosa.com\/en\/783-hz-piknik-i-koncert-u-sumi\/\" title=\"7,83 Hz \u2013 Piknik i koncert u \u0161umi\">\n                        <img loading=\"lazy\" decoding=\"async\" width=\"800\" height=\"600\" src=\"https:\/\/www.klarairosa.com\/wp-content\/uploads\/2022\/01\/15-800x600.jpg\" class=\"attachment-portfolio-landscape size-portfolio-landscape wp-post-image\" alt=\"\" \/>            \t    <\/a>\n\t<\/div>\n        <div class=\"qode-news-image-info-holder-left\">\n\t\t\t        <\/div>\n        <div class=\"qode-news-image-info-holder-right\">\n\t\t\t\t\t<\/div>\n\t<\/div>\n    \t<div class=\"qode-ni-content\">\n        \t\t\n<h5 itemprop=\"name\" class=\"entry-title qode-post-title\">\n    <a itemprop=\"url\" href=\"https:\/\/www.klarairosa.com\/en\/783-hz-piknik-i-koncert-u-sumi\/\" title=\"7,83 Hz \u2013 Piknik i koncert u \u0161umi\">\n        7,83 Hz \u2013 Piknik i koncert u \u0161umi    <\/a>\n<\/h5>\t\t\t\t\t<div itemprop=\"dateCreated\" class=\"qode-post-info-date entry-date published updated\">\n\t    \t        <a itemprop=\"url\" href=\"https:\/\/www.klarairosa.com\/en\/2021\/09\/\">\n\t            <i class=\"dripicons-alarm\"><\/i>\n    \t26\/09\/2021        <\/a>\n\t    <meta itemprop=\"interactionCount\" content=\"UserComments: 0\"\/>\n\t<\/div>\n        \t<\/div>\n<\/div><\/div>\t<div class=\"qode-news-pag-loading\">\n\t\t<div class=\"qode-news-pag-bounce1\"><\/div>\n\t\t<div class=\"qode-news-pag-bounce2\"><\/div>\n\t\t<div class=\"qode-news-pag-bounce3\"><\/div>\n\t<\/div>\n\t\t\t\t<div class=\"qode-news-standard-pagination\">\n\t\t\t\t<ul>\n\t\t\t\t\t<li class=\"qode-news-pag-first-page\">\n\t\t\t\t\t\t<a href=\"#\" data-paged=\"1\"><span class=\"arrow_carrot-2left\"><\/span><\/a>\n\t\t\t\t\t<\/li>\n\t\t\t\t\t<li class=\"qode-news-pag-prev\">\n\t\t\t\t\t\t<a href=\"#\" data-paged=\"1\"><span class=\"icon-arrows-left\"><\/span><\/a>\n\t\t\t\t\t<\/li>\n\t\t\t\t\t\t\t\t\t\t\t\t\t\t\t\t\t\t\t\t\t\t\t\t<li class=\"qode-news-pag-number qode-news-pag-active\">\n\t\t\t\t\t\t\t\t<a href=\"#\" data-paged=\"1\">1<\/a>\n\t\t\t\t\t\t\t<\/li>\n\t\t\t\t\t\t\t\t\t\t\t\t\t\t\t\t\t\t\t\t\t\t\t\t\t\t\t\t\t\t<li class=\"qode-news-pag-number\">\n\t\t\t\t\t\t\t\t<a href=\"#\" data-paged=\"2\">2<\/a>\n\t\t\t\t\t\t\t<\/li>\n\t\t\t\t\t\t\t\t\t\t\t\t\t\t\t\t<li class=\"qode-news-pag-next\">\n\t\t\t\t\t\t<a href=\"#\" data-paged=\"2\"><span class=\"icon-arrows-right\"><\/span><\/a>\n\t\t\t\t\t<\/li>\n\t\t\t\t\t<li class=\"qode-news-pag-last-page\">\n\t\t\t\t\t\t<a href=\"#\" data-paged=\"2\"><span class=\"arrow_carrot-2right\"><\/span><\/a>\n\t\t\t\t\t<\/li>\n\t\t\t\t<\/ul>\n\t\t\t<\/div>\n\t\t<\/div><div class=\"vc_empty_space\"  style=\"height: 80px\" >\n\t<span class=\"vc_empty_space_inner\">\n\t\t<span class=\"empty_space_image\"  ><\/span>\n\t<\/span>\n<\/div><\/div><\/div><\/div><\/div><\/div>\n<\/div>","protected":false},"excerpt":{"rendered":"<p>Kada boravimo u \u0161umi, na\u0161 dah se sjedinjuje sa fitoncidima, a ova jedinjenja toliko su...<\/p>","protected":false},"author":1,"featured_media":0,"parent":0,"menu_order":0,"comment_status":"closed","ping_status":"closed","template":"","meta":{"content-type":"","inline_featured_image":false,"footnotes":""},"class_list":["post-17042","page","type-page","status-publish","hentry"],"yoast_head":"<!-- This site is optimized with the Yoast SEO plugin v27.5 - https:\/\/yoast.com\/product\/yoast-seo-wordpress\/ -->\n<title>7.83 HZ - Klara i Rosa<\/title>\n<meta name=\"robots\" content=\"index, follow, max-snippet:-1, max-image-preview:large, max-video-preview:-1\" \/>\n<link rel=\"canonical\" href=\"https:\/\/www.klarairosa.com\/en\/7-83-hz\/\" \/>\n<meta property=\"og:locale\" content=\"en_GB\" \/>\n<meta property=\"og:type\" content=\"article\" \/>\n<meta property=\"og:title\" content=\"7.83 HZ - Klara i Rosa\" \/>\n<meta property=\"og:url\" content=\"https:\/\/www.klarairosa.com\/en\/7-83-hz\/\" \/>\n<meta property=\"og:site_name\" content=\"Klara i Rosa\" \/>\n<meta property=\"article:publisher\" content=\"https:\/\/www.facebook.com\/klarairosa\/\" \/>\n<meta property=\"article:modified_time\" content=\"2022-03-28T12:26:02+00:00\" \/>\n<meta name=\"twitter:card\" content=\"summary_large_image\" \/>\n<script type=\"application\/ld+json\" class=\"yoast-schema-graph\">{\"@context\":\"https:\\\/\\\/schema.org\",\"@graph\":[{\"@type\":\"WebPage\",\"@id\":\"https:\\\/\\\/www.klarairosa.com\\\/7-83-hz\\\/\",\"url\":\"https:\\\/\\\/www.klarairosa.com\\\/7-83-hz\\\/\",\"name\":\"7.83 HZ - Klara i Rosa\",\"isPartOf\":{\"@id\":\"https:\\\/\\\/www.klarairosa.com\\\/en\\\/#website\"},\"datePublished\":\"2022-03-17T13:31:11+00:00\",\"dateModified\":\"2022-03-28T12:26:02+00:00\",\"breadcrumb\":{\"@id\":\"https:\\\/\\\/www.klarairosa.com\\\/7-83-hz\\\/#breadcrumb\"},\"inLanguage\":\"en-GB\",\"potentialAction\":[{\"@type\":\"ReadAction\",\"target\":[\"https:\\\/\\\/www.klarairosa.com\\\/7-83-hz\\\/\"]}]},{\"@type\":\"BreadcrumbList\",\"@id\":\"https:\\\/\\\/www.klarairosa.com\\\/7-83-hz\\\/#breadcrumb\",\"itemListElement\":[{\"@type\":\"ListItem\",\"position\":1,\"name\":\"Home\",\"item\":\"https:\\\/\\\/www.klarairosa.com\\\/\"},{\"@type\":\"ListItem\",\"position\":2,\"name\":\"7.83 HZ\"}]},{\"@type\":\"WebSite\",\"@id\":\"https:\\\/\\\/www.klarairosa.com\\\/en\\\/#website\",\"url\":\"https:\\\/\\\/www.klarairosa.com\\\/en\\\/\",\"name\":\"Klara i Rosa\",\"description\":\"Klara i Rosa\",\"publisher\":{\"@id\":\"https:\\\/\\\/www.klarairosa.com\\\/en\\\/#organization\"},\"potentialAction\":[{\"@type\":\"SearchAction\",\"target\":{\"@type\":\"EntryPoint\",\"urlTemplate\":\"https:\\\/\\\/www.klarairosa.com\\\/en\\\/?s={search_term_string}\"},\"query-input\":{\"@type\":\"PropertyValueSpecification\",\"valueRequired\":true,\"valueName\":\"search_term_string\"}}],\"inLanguage\":\"en-GB\"},{\"@type\":\"Organization\",\"@id\":\"https:\\\/\\\/www.klarairosa.com\\\/en\\\/#organization\",\"name\":\"Klara i Rosa\",\"url\":\"https:\\\/\\\/www.klarairosa.com\\\/en\\\/\",\"logo\":{\"@type\":\"ImageObject\",\"inLanguage\":\"en-GB\",\"@id\":\"https:\\\/\\\/www.klarairosa.com\\\/en\\\/#\\\/schema\\\/logo\\\/image\\\/\",\"url\":\"https:\\\/\\\/www.klarairosa.com\\\/wp-content\\\/uploads\\\/2022\\\/01\\\/logo.svg\",\"contentUrl\":\"https:\\\/\\\/www.klarairosa.com\\\/wp-content\\\/uploads\\\/2022\\\/01\\\/logo.svg\",\"width\":110,\"height\":139,\"caption\":\"Klara i Rosa\"},\"image\":{\"@id\":\"https:\\\/\\\/www.klarairosa.com\\\/en\\\/#\\\/schema\\\/logo\\\/image\\\/\"},\"sameAs\":[\"https:\\\/\\\/www.facebook.com\\\/klarairosa\\\/\",\"https:\\\/\\\/www.instagram.com\\\/ugklarairosa\\\/\"]}]}<\/script>\n<!-- \/ Yoast SEO plugin. -->","yoast_head_json":{"title":"7.83 HZ - Klara i Rosa","robots":{"index":"index","follow":"follow","max-snippet":"max-snippet:-1","max-image-preview":"max-image-preview:large","max-video-preview":"max-video-preview:-1"},"canonical":"https:\/\/www.klarairosa.com\/en\/7-83-hz\/","og_locale":"en_GB","og_type":"article","og_title":"7.83 HZ - Klara i Rosa","og_url":"https:\/\/www.klarairosa.com\/en\/7-83-hz\/","og_site_name":"Klara i Rosa","article_publisher":"https:\/\/www.facebook.com\/klarairosa\/","article_modified_time":"2022-03-28T12:26:02+00:00","twitter_card":"summary_large_image","schema":{"@context":"https:\/\/schema.org","@graph":[{"@type":"WebPage","@id":"https:\/\/www.klarairosa.com\/7-83-hz\/","url":"https:\/\/www.klarairosa.com\/7-83-hz\/","name":"7.83 HZ - Klara i Rosa","isPartOf":{"@id":"https:\/\/www.klarairosa.com\/en\/#website"},"datePublished":"2022-03-17T13:31:11+00:00","dateModified":"2022-03-28T12:26:02+00:00","breadcrumb":{"@id":"https:\/\/www.klarairosa.com\/7-83-hz\/#breadcrumb"},"inLanguage":"en-GB","potentialAction":[{"@type":"ReadAction","target":["https:\/\/www.klarairosa.com\/7-83-hz\/"]}]},{"@type":"BreadcrumbList","@id":"https:\/\/www.klarairosa.com\/7-83-hz\/#breadcrumb","itemListElement":[{"@type":"ListItem","position":1,"name":"Home","item":"https:\/\/www.klarairosa.com\/"},{"@type":"ListItem","position":2,"name":"7.83 HZ"}]},{"@type":"WebSite","@id":"https:\/\/www.klarairosa.com\/en\/#website","url":"https:\/\/www.klarairosa.com\/en\/","name":"Klara i Rosa","description":"Klara i Rosa","publisher":{"@id":"https:\/\/www.klarairosa.com\/en\/#organization"},"potentialAction":[{"@type":"SearchAction","target":{"@type":"EntryPoint","urlTemplate":"https:\/\/www.klarairosa.com\/en\/?s={search_term_string}"},"query-input":{"@type":"PropertyValueSpecification","valueRequired":true,"valueName":"search_term_string"}}],"inLanguage":"en-GB"},{"@type":"Organization","@id":"https:\/\/www.klarairosa.com\/en\/#organization","name":"Klara i Rosa","url":"https:\/\/www.klarairosa.com\/en\/","logo":{"@type":"ImageObject","inLanguage":"en-GB","@id":"https:\/\/www.klarairosa.com\/en\/#\/schema\/logo\/image\/","url":"https:\/\/www.klarairosa.com\/wp-content\/uploads\/2022\/01\/logo.svg","contentUrl":"https:\/\/www.klarairosa.com\/wp-content\/uploads\/2022\/01\/logo.svg","width":110,"height":139,"caption":"Klara i Rosa"},"image":{"@id":"https:\/\/www.klarairosa.com\/en\/#\/schema\/logo\/image\/"},"sameAs":["https:\/\/www.facebook.com\/klarairosa\/","https:\/\/www.instagram.com\/ugklarairosa\/"]}]}},"_links":{"self":[{"href":"https:\/\/www.klarairosa.com\/en\/wp-json\/wp\/v2\/pages\/17042","targetHints":{"allow":["GET"]}}],"collection":[{"href":"https:\/\/www.klarairosa.com\/en\/wp-json\/wp\/v2\/pages"}],"about":[{"href":"https:\/\/www.klarairosa.com\/en\/wp-json\/wp\/v2\/types\/page"}],"author":[{"embeddable":true,"href":"https:\/\/www.klarairosa.com\/en\/wp-json\/wp\/v2\/users\/1"}],"replies":[{"embeddable":true,"href":"https:\/\/www.klarairosa.com\/en\/wp-json\/wp\/v2\/comments?post=17042"}],"version-history":[{"count":6,"href":"https:\/\/www.klarairosa.com\/en\/wp-json\/wp\/v2\/pages\/17042\/revisions"}],"predecessor-version":[{"id":17609,"href":"https:\/\/www.klarairosa.com\/en\/wp-json\/wp\/v2\/pages\/17042\/revisions\/17609"}],"wp:attachment":[{"href":"https:\/\/www.klarairosa.com\/en\/wp-json\/wp\/v2\/media?parent=17042"}],"curies":[{"name":"wp","href":"https:\/\/api.w.org\/{rel}","templated":true}]}}